{"id":1961,"date":"2024-05-13T16:18:37","date_gmt":"2024-05-13T16:18:37","guid":{"rendered":"https:\/\/tmcrea.fi\/aladdin-burger\/?page_id=1961"},"modified":"2026-03-02T04:21:37","modified_gmt":"2026-03-02T04:21:37","slug":"classic-pizzat","status":"publish","type":"page","link":"https:\/\/tmcrea.fi\/aladdin-burger\/","title":{"rendered":"Pizzat"},"content":{"rendered":"\t\t<div data-elementor-type=\"wp-page\" data-elementor-id=\"1961\" class=\"elementor elementor-1961\" data-elementor-post-type=\"page\">\n\t\t\t\t\t\t<section class=\"elementor-section elementor-top-section elementor-element elementor-element-dd69ac3 elementor-section-full_width elementor-section-height-default elementor-section-height-default\" data-id=\"dd69ac3\" data-element_type=\"section\">\n\t\t\t\t\t\t<div class=\"elementor-container elementor-column-gap-default\">\n\t\t\t\t\t<div class=\"elementor-column elementor-col-100 elementor-top-column elementor-element elementor-element-151ea31\" data-id=\"151ea31\" data-element_type=\"column\">\n\t\t\t<div class=\"elementor-widget-wrap\">\n\t\t\t\t\t\t\t<\/div>\n\t\t<\/div>\n\t\t\t\t\t<\/div>\n\t\t<\/section>\n\t\t\t\t<section class=\"elementor-section elementor-top-section elementor-element elementor-element-871dd87 elementor-section-full_width elementor-section-height-default elementor-section-height-default\" data-id=\"871dd87\" data-element_type=\"section\">\n\t\t\t\t\t\t<div class=\"elementor-container elementor-column-gap-default\">\n\t\t\t\t\t<div class=\"elementor-column elementor-col-100 elementor-top-column elementor-element elementor-element-9a5ddd1\" data-id=\"9a5ddd1\" data-element_type=\"column\">\n\t\t\t<div class=\"elementor-widget-wrap\">\n\t\t\t\t\t\t\t<\/div>\n\t\t<\/div>\n\t\t\t\t\t<\/div>\n\t\t<\/section>\n\t\t\t\t<section class=\"elementor-section elementor-top-section elementor-element elementor-element-0d57bff elementor-section-full_width elementor-section-height-default elementor-section-height-default\" data-id=\"0d57bff\" data-element_type=\"section\">\n\t\t\t\t\t\t<div class=\"elementor-container elementor-column-gap-default\">\n\t\t\t\t\t<div class=\"elementor-column elementor-col-100 elementor-top-column elementor-element elementor-element-97c0af1\" data-id=\"97c0af1\" data-element_type=\"column\">\n\t\t\t<div class=\"elementor-widget-wrap\">\n\t\t\t\t\t\t\t<\/div>\n\t\t<\/div>\n\t\t\t\t\t<\/div>\n\t\t<\/section>\n\t\t\t\t<section class=\"elementor-section elementor-top-section elementor-element elementor-element-239f953 elementor-section-full_width elementor-section-height-default elementor-section-height-default\" data-id=\"239f953\" data-element_type=\"section\">\n\t\t\t\t\t\t<div class=\"elementor-container elementor-column-gap-default\">\n\t\t\t\t\t<div class=\"elementor-column elementor-col-100 elementor-top-column elementor-element elementor-element-758ae93\" data-id=\"758ae93\" data-element_type=\"column\">\n\t\t\t<div class=\"elementor-widget-wrap\">\n\t\t\t\t\t\t\t<\/div>\n\t\t<\/div>\n\t\t\t\t\t<\/div>\n\t\t<\/section>\n\t\t\t\t<section class=\"elementor-section elementor-top-section elementor-element elementor-element-f51c7fe elementor-section-full_width elementor-section-height-default elementor-section-height-default\" data-id=\"f51c7fe\" data-element_type=\"section\">\n\t\t\t\t\t\t<div class=\"elementor-container elementor-column-gap-default\">\n\t\t\t\t\t<div class=\"elementor-column elementor-col-100 elementor-top-column elementor-element elementor-element-5a87d4b\" data-id=\"5a87d4b\" data-element_type=\"column\">\n\t\t\t<div class=\"elementor-widget-wrap\">\n\t\t\t\t\t\t\t<\/div>\n\t\t<\/div>\n\t\t\t\t\t<\/div>\n\t\t<\/section>\n\t\t\t\t<section class=\"elementor-section elementor-top-section elementor-element elementor-element-e9405bf elementor-section-full_width elementor-section-height-default elementor-section-height-default\" data-id=\"e9405bf\" data-element_type=\"section\">\n\t\t\t\t\t\t<div class=\"elementor-container elementor-column-gap-default\">\n\t\t\t\t\t<div class=\"elementor-column elementor-col-100 elementor-top-column elementor-element elementor-element-b97931c\" data-id=\"b97931c\" data-element_type=\"column\">\n\t\t\t<div class=\"elementor-widget-wrap elementor-element-populated\">\n\t\t\t\t\t\t<div class=\"elementor-element elementor-element-d9afca2 elementor-widget elementor-widget-heritaste_banner_v5\" data-id=\"d9afca2\" data-element_type=\"widget\" data-widget_type=\"heritaste_banner_v5.default\">\n\t\t\t\t<div class=\"elementor-widget-container\">\n\t\t\t    \n    <!-- banner-section -->\n    <section class=\"banner-style-five\">\n        <div class=\"banner-carousel owl-theme owl-carousel owl-dots-none\">\n                        <div class=\"slide-item \">\n                                <div class=\"image-layer\" style=\"background-image:url(https:\/\/tmcrea.fi\/aladdin-burger\/wp-content\/uploads\/2024\/11\/banner01.jpg)\"><\/div>\n                                <div class=\"auto-container\">\n                    <div class=\"content-box\">\n                        <span class=\"special-font\">Aladdin Burger<\/span>\n                        <h2>Pizzat<\/h2>\n                        <p>Herkullisuus hypp\u00e4\u00e4 suuhun<\/p>\n                                            <\/div>  \n                <\/div>\n            <\/div>\n                        <div class=\"slide-item \">\n                                <div class=\"image-layer\" style=\"background-image:url(https:\/\/tmcrea.fi\/aladdin-burger\/wp-content\/uploads\/2024\/11\/banner03.jpg)\"><\/div>\n                                <div class=\"auto-container\">\n                    <div class=\"content-box\">\n                        <span class=\"special-font\">Tervetuloa<\/span>\n                        <h2>Hyv\u00e4 ruoka<br \/>antaa<br \/> hyv\u00e4n mielen<\/h2>\n                        <p>Keitti\u00f6ss\u00e4mme meill\u00e4 on tiimi ammattilaisia pikaruokaan erikoistuneita kokkeja<\/p>\n                                            <\/div>  \n                <\/div>\n            <\/div>\n                        <div class=\"slide-item \">\n                                <div class=\"image-layer\" style=\"background-image:url(https:\/\/tmcrea.fi\/aladdin-burger\/wp-content\/uploads\/2024\/05\/nokian-doner-pizzat07-e1716132470567.jpg)\"><\/div>\n                                <div class=\"auto-container\">\n                    <div class=\"content-box\">\n                        <span class=\"special-font\">Toimitusehto<\/span>\n                        <h2>Foodora tai Wolt<br \/> toimittaa kaikki kotiinkuljetukset<\/h2>\n                        <p>Tutustu meid\u00e4n erikoisruoka ja sen <br \/> ja valikoi itsellesi maistuva annos, <br \/>niin pieneen kuin suureenkin n\u00e4lk\u00e4\u00e4n.<\/p>\n                                            <\/div>  \n                <\/div>\n            <\/div>\n                    <\/div>\n    <\/section>\n    <!-- banner-section end -->\n        \n        \t\t<\/div>\n\t\t\t\t<\/div>\n\t\t\t\t<div class=\"elementor-element elementor-element-1c3fbf7 elementor-widget elementor-widget-heritaste_menu_section_v5\" data-id=\"1c3fbf7\" data-element_type=\"widget\" data-widget_type=\"heritaste_menu_section_v5.default\">\n\t\t\t\t<div class=\"elementor-widget-container\">\n\t\t\t    \n    <!-- menu-style-five -->\n    <section class=\"menu-style-five white-bg\">\n        <div class=\"outer-container\">\n            <div class=\"sec-title light centred\">\n                                <div class=\"title-shape\">\n                    <div class=\"shape-1\" style=\"background-image: url(https:\/\/tmcrea.fi\/aladdin-burger\/wp-content\/themes\/heritaste\/assets\/images\/shape\/shape-46.png);\"><\/div>\n                    <div class=\"shape-2\" style=\"background-image: url(https:\/\/tmcrea.fi\/aladdin-burger\/wp-content\/themes\/heritaste\/assets\/images\/shape\/shape-47.png);\"><\/div>\n                <\/div>\n                                <span class=\"sub-title\">Aladdin Burger<\/span>                <h2>Pizzat<\/h2>            <\/div>\n            <div data-animation-box class=\"menu-content\">\n                                <div class=\"image-box-one\">\n                    <div class=\"image-shape\" style=\"background-image: url(https:\/\/tmcrea.fi\/aladdin-burger\/wp-content\/themes\/heritaste\/assets\/images\/shape\/shape-48.png);\"><\/div>\n                    <figure data-animation-text class=\"overlay-anim-black-bg image\" data-animation=\"overlay-animation\"><img decoding=\"async\" src=\"https:\/\/tmcrea.fi\/aladdin-burger\/wp-content\/uploads\/2024\/05\/nokian-clasic-pizzat02-1.jpg\" alt=\"Awesome Image\"><\/figure>\n                <\/div>\n                                <div class=\"content-box\">\n                    <div class=\"inner-box\">                        \n                                                <div class=\"single-item\">\n                            <h3><a href=\"\">1. Sofra<\/a><\/h3>\n                            <p>tomaatti<\/p>\n                            <h5>\u20ac10,00 - Perhe \u20ac22,00<\/h5>\n                        <\/div>\n                                                <div class=\"single-item\">\n                            <h3><a href=\"\">2. Bologneze<\/a><\/h3>\n                            <p>jauheliha<\/p>\n                            <h5>\u20ac11,90 - Perhe \u20ac22,00<\/h5>\n                        <\/div>\n                                                <div class=\"single-item\">\n                            <h3><a href=\"\">3. Saddam<\/a><\/h3>\n                            <p>salami, paprika<\/p>\n                            <h5>\u20ac11,90 - Perhe \u20ac22,00<\/h5>\n                        <\/div>\n                                                <div class=\"single-item\">\n                            <h3><a href=\"\">4. Bush<\/a><\/h3>\n                            <p>italiansuikale, ananas<\/p>\n                            <h5>\u20ac11,90 - Perhe \u20ac22,00<\/h5>\n                        <\/div>\n                                                <div class=\"single-item\">\n                            <h3><a href=\"\">5. Al-Tonno<\/a><\/h3>\n                            <p>tonnikala, ananas<\/p>\n                            <h5>\u20ac11,90 - Perhe \u20ac22,00<\/h5>\n                        <\/div>\n                                                <div class=\"single-item\">\n                            <h3><a href=\"\">6. Katkarapu<\/a><\/h3>\n                            <p>runsaasti, katkarapua<\/p>\n                            <h5>\u20ac12,90 - Perhe \u20ac22,00<\/h5>\n                        <\/div>\n                                                <div class=\"single-item\">\n                            <h3><a href=\"\">7. Frutti Di Meri<\/a><\/h3>\n                            <p>tonnikala, katkarapu, simpukka<\/p>\n                            <h5>\u20ac12,90 - Perhe \u20ac22,00<\/h5>\n                        <\/div>\n                                                <div class=\"single-item\">\n                            <h3><a href=\"\">8. Vegetariana<\/a><\/h3>\n                            <p>herkkusieni, ananas, sipuli, oliivi<\/p>\n                            <h5>\u20ac12,90 - Perhe \u20ac22,00<\/h5>\n                        <\/div>\n                                                <div class=\"single-item\">\n                            <h3><a href=\"\">9. Lentomatto<\/a><\/h3>\n                            <p>italiansuikale, salami, aurajuusto<\/p>\n                            <h5>\u20ac12,90 - Perhe \u20ac22,00<\/h5>\n                        <\/div>\n                                                <div class=\"single-item\">\n                            <h3><a href=\"\">10. Kebab<\/a><\/h3>\n                            <p>kebab, sipuli, vihre\u00e4chili, katkarapu<\/p>\n                            <h5>\u20ac12,90 - Perhe \u20ac22,00<\/h5>\n                        <\/div>\n                                                <div class=\"single-item\">\n                            <h3><a href=\"\">11. Jasmin<\/a><\/h3>\n                            <p>italiansuikale, salami, kebab, sipuli<\/p>\n                            <h5>\u20ac12,90 - Perhe \u20ac22,00<\/h5>\n                        <\/div>\n                                                <div class=\"single-item\">\n                            <h3><a href=\"\">12. Aladdin<\/a><\/h3>\n                            <p>kebab, kana, salami, ananas<\/p>\n                            <h5>\u20ac12,90 - Perhe \u20ac22,00<\/h5>\n                        <\/div>\n                                                <div class=\"single-item\">\n                            <h3><a href=\"\">13. Disney<\/a><\/h3>\n                            <p>aurajuusto, italiansuikale, jauheliha, herkkusieni<\/p>\n                            <h5>\u20ac12,90 - Perhe \u20ac22,00<\/h5>\n                        <\/div>\n                                                <div class=\"single-item\">\n                            <h3><a href=\"\">14. Mexicana<\/a><\/h3>\n                            <p>kana, chili, vihre\u00e4chili (runsaasti kanaa)<\/p>\n                            <h5>\u20ac12,90 - Perhe \u20ac22,00<\/h5>\n                        <\/div>\n                                                <div class=\"single-item\">\n                            <h3><a href=\"\">15. Kana Mix<\/a><\/h3>\n                            <p>kana, katkarapu, oliivi, kebab<\/p>\n                            <h5>\u20ac12,90 - Perhe \u20ac22,00<\/h5>\n                        <\/div>\n                                                <div class=\"single-item\">\n                            <h3><a href=\"\">16. Oma Valinta<\/a><\/h3>\n                            <p>2 t\u00e4ytett\u00e4<\/p>\n                            <h5>\u20ac11,90 - Perhe \u20ac22,00<\/h5>\n                        <\/div>\n                                                <div class=\"single-item\">\n                            <h3><a href=\"\">17. Oma Valinta<\/a><\/h3>\n                            <p>3 t\u00e4ytett\u00e4<\/p>\n                            <h5>\u20ac12,45 - Perhe \u20ac22,00<\/h5>\n                        <\/div>\n                                                <div class=\"single-item\">\n                            <h3><a href=\"\">18. Oma Valinta<\/a><\/h3>\n                            <p>4 t\u00e4ytett\u00e4<\/p>\n                            <h5>\u20ac12,90 - Perhe \u20ac22,00<\/h5>\n                        <\/div>\n                                                <div class=\"single-item\">\n                            <h3><a href=\"\">19. Obama<\/a><\/h3>\n                            <p>italiansuikale, ananas, aurajuusto<\/p>\n                            <h5>\u20ac12,45 - Perhe \u20ac22,00<\/h5>\n                        <\/div>\n                                                <div class=\"single-item\">\n                            <h3><a href=\"\">20. Putin pizza<\/a><\/h3>\n                            <p>italiansuikale, ananas, katkarapu, aurajuusto<\/p>\n                            <h5>\u20ac12,90 - Perhe \u20ac22,00<\/h5>\n                        <\/div>\n                                                <div class=\"single-item\">\n                            <h3><a href=\"\">21. Trump pizza<\/a><\/h3>\n                            <p>Tyhj\u00e4, tarjous voimassa ikuisesti<\/p>\n                            <h5>\u20ac100 - Perhe \u20ac1500<\/h5>\n                        <\/div>\n                                                <div class=\"single-item\">\n                            <h3><a href=\"\">67. Purra (UUTUUS)<\/a><\/h3>\n                            <p>jalapeno, chili, vihre\u00e4chili, reilusti valkosipulia<\/p>\n                            <h5>\u20ac15,00 - Perhe \u20ac25,00<\/h5>\n                        <\/div>\n                                            <\/div>\n                    <div class=\"lower-box clearfix\">\n                                                                        <ul class=\"rating clearfix pull-right\">\n                            <li><img decoding=\"async\" src=\"https:\/\/tmcrea.fi\/aladdin-burger\/wp-content\/themes\/heritaste\/assets\/images\/icons\/icon-1.png\" alt=\"Awesome Image\"><\/li>\n                            <li><img decoding=\"async\" src=\"https:\/\/tmcrea.fi\/aladdin-burger\/wp-content\/themes\/heritaste\/assets\/images\/icons\/icon-1.png\" alt=\"Awesome Image\"><\/li>\n                            <li><img decoding=\"async\" src=\"https:\/\/tmcrea.fi\/aladdin-burger\/wp-content\/themes\/heritaste\/assets\/images\/icons\/icon-1.png\" alt=\"Awesome Image\"><\/li>\n                        <\/ul>\n                                            <\/div>\n                <\/div>\n                <div class=\"image-box-two\">\n                                                            <figure data-animation-text class=\"overlay-anim-black-bg image\" data-animation=\"overlay-animation\"><img decoding=\"async\" src=\"https:\/\/tmcrea.fi\/aladdin-burger\/wp-content\/uploads\/2024\/05\/nokian-clasic-pizzat-1.jpg\" alt=\"Awesome Image\"><\/figure>\n                \t                <\/div>\n            <\/div>\n        <\/div>\n    <\/section>\n    <!-- menu-style-five end -->\n        \n        \t\t<\/div>\n\t\t\t\t<\/div>\n\t\t\t\t<div class=\"elementor-element elementor-element-2acda42 elementor-widget elementor-widget-heritaste_menu_section_v5\" data-id=\"2acda42\" data-element_type=\"widget\" data-widget_type=\"heritaste_menu_section_v5.default\">\n\t\t\t\t<div class=\"elementor-widget-container\">\n\t\t\t    \n    <!-- menu-style-five -->\n    <section class=\"menu-style-five white-bg\">\n        <div class=\"outer-container\">\n            <div class=\"sec-title light centred\">\n                                <div class=\"title-shape\">\n                    <div class=\"shape-1\" style=\"background-image: url(https:\/\/tmcrea.fi\/aladdin-burger\/wp-content\/themes\/heritaste\/assets\/images\/shape\/shape-46.png);\"><\/div>\n                    <div class=\"shape-2\" style=\"background-image: url(https:\/\/tmcrea.fi\/aladdin-burger\/wp-content\/themes\/heritaste\/assets\/images\/shape\/shape-47.png);\"><\/div>\n                <\/div>\n                                <span class=\"sub-title\">Aladdin Burger<\/span>                <h2>Lis\u00e4t\u00e4ytteet<\/h2>            <\/div>\n            <div data-animation-box class=\"menu-content\">\n                                <div class=\"image-box-one\">\n                    <div class=\"image-shape\" style=\"background-image: url(https:\/\/tmcrea.fi\/aladdin-burger\/wp-content\/themes\/heritaste\/assets\/images\/shape\/shape-48.png);\"><\/div>\n                    <figure data-animation-text class=\"overlay-anim-black-bg image\" data-animation=\"overlay-animation\"><img decoding=\"async\" src=\"https:\/\/tmcrea.fi\/aladdin-burger\/wp-content\/uploads\/2024\/05\/classic-lisataytteet-nokian-doner.jpg\" alt=\"Awesome Image\"><\/figure>\n                <\/div>\n                                <div class=\"content-box\">\n                    <div class=\"inner-box\">                        \n                                                <div class=\"single-item\">\n                            <h3><a href=\"\">Lis\u00e4t\u00e4ytteet  Norm. 2,00\u20ac \/ Perhe 3,00\u20ac<\/a><\/h3>\n                            <p>kebab, salami, jauheliha, italiansuikale, kana, tonnikala, katkarapu, simpukka, oliivi, ananas, herkkusieni, vihre\u00e4chili, punasipuli, jalapeno, smetana, aura- ja salaattijuusto. &nbsp;<\/p>\n                            <h5><\/h5>\n                        <\/div>\n                                            <\/div>\n                    <div class=\"lower-box clearfix\">\n                                                                        <ul class=\"rating clearfix pull-right\">\n                            <li><img decoding=\"async\" src=\"https:\/\/tmcrea.fi\/aladdin-burger\/wp-content\/themes\/heritaste\/assets\/images\/icons\/icon-1.png\" alt=\"Awesome Image\"><\/li>\n                            <li><img decoding=\"async\" src=\"https:\/\/tmcrea.fi\/aladdin-burger\/wp-content\/themes\/heritaste\/assets\/images\/icons\/icon-1.png\" alt=\"Awesome Image\"><\/li>\n                            <li><img decoding=\"async\" src=\"https:\/\/tmcrea.fi\/aladdin-burger\/wp-content\/themes\/heritaste\/assets\/images\/icons\/icon-1.png\" alt=\"Awesome Image\"><\/li>\n                        <\/ul>\n                                            <\/div>\n                <\/div>\n                <div class=\"image-box-two\">\n                                                            <figure data-animation-text class=\"overlay-anim-black-bg image\" data-animation=\"overlay-animation\"><img decoding=\"async\" src=\"https:\/\/tmcrea.fi\/aladdin-burger\/wp-content\/uploads\/2024\/05\/special-lisataytteet-nokian-doner01.jpg\" alt=\"Awesome Image\"><\/figure>\n                \t                <\/div>\n            <\/div>\n        <\/div>\n    <\/section>\n    <!-- menu-style-five end -->\n        \n        \t\t<\/div>\n\t\t\t\t<\/div>\n\t\t\t\t\t<\/div>\n\t\t<\/div>\n\t\t\t\t\t<\/div>\n\t\t<\/section>\n\t\t\t\t<section class=\"elementor-section elementor-top-section elementor-element elementor-element-526e193 elementor-section-boxed elementor-section-height-default elementor-section-height-default\" data-id=\"526e193\" data-element_type=\"section\">\n\t\t\t\t\t\t<div class=\"elementor-container elementor-column-gap-default\">\n\t\t\t\t\t<div class=\"elementor-column elementor-col-100 elementor-top-column elementor-element elementor-element-0206e75\" data-id=\"0206e75\" data-element_type=\"column\">\n\t\t\t<div class=\"elementor-widget-wrap elementor-element-populated\">\n\t\t\t\t\t\t<div class=\"elementor-element elementor-element-5b9f839 elementor-widget elementor-widget-spacer\" data-id=\"5b9f839\" data-element_type=\"widget\" data-widget_type=\"spacer.default\">\n\t\t\t\t<div class=\"elementor-widget-container\">\n\t\t\t<style>\/*! elementor - v3.21.0 - 08-05-2024 *\/\n.elementor-column .elementor-spacer-inner{height:var(--spacer-size)}.e-con{--container-widget-width:100%}.e-con-inner>.elementor-widget-spacer,.e-con>.elementor-widget-spacer{width:var(--container-widget-width,var(--spacer-size));--align-self:var(--container-widget-align-self,initial);--flex-shrink:0}.e-con-inner>.elementor-widget-spacer>.elementor-widget-container,.e-con>.elementor-widget-spacer>.elementor-widget-container{height:100%;width:100%}.e-con-inner>.elementor-widget-spacer>.elementor-widget-container>.elementor-spacer,.e-con>.elementor-widget-spacer>.elementor-widget-container>.elementor-spacer{height:100%}.e-con-inner>.elementor-widget-spacer>.elementor-widget-container>.elementor-spacer>.elementor-spacer-inner,.e-con>.elementor-widget-spacer>.elementor-widget-container>.elementor-spacer>.elementor-spacer-inner{height:var(--container-widget-height,var(--spacer-size))}.e-con-inner>.elementor-widget-spacer.elementor-widget-empty,.e-con>.elementor-widget-spacer.elementor-widget-empty{position:relative;min-height:22px;min-width:22px}.e-con-inner>.elementor-widget-spacer.elementor-widget-empty .elementor-widget-empty-icon,.e-con>.elementor-widget-spacer.elementor-widget-empty .elementor-widget-empty-icon{position:absolute;top:0;bottom:0;left:0;right:0;margin:auto;padding:0;width:22px;height:22px}<\/style>\t\t<div class=\"elementor-spacer\">\n\t\t\t<div class=\"elementor-spacer-inner\"><\/div>\n\t\t<\/div>\n\t\t\t\t<\/div>\n\t\t\t\t<\/div>\n\t\t\t\t\t<\/div>\n\t\t<\/div>\n\t\t\t\t\t<\/div>\n\t\t<\/section>\n\t\t\t\t<\/div>\n\t\t","protected":false},"excerpt":{"rendered":"<p>Aladdin Burger Pizzat Herkullisuus hypp\u00e4\u00e4 suuhun Tervetuloa Hyv\u00e4 ruokaantaa hyv\u00e4n mielen Keitti\u00f6ss\u00e4mme meill\u00e4 on tiimi ammattilaisia pikaruokaan erikoistuneita kokkeja Toimitusehto Foodora tai Wolt toimittaa kaikki kotiinkuljetukset Tutustu meid\u00e4n erikoisruoka ja sen ja valikoi itsellesi maistuva annos, niin pieneen kuin suureenkin n\u00e4lk\u00e4\u00e4n. Aladdin Burger Pizzat 1. Sofra tomaatti \u20ac10,00 &#8211; Perhe \u20ac22,00 2. Bologneze jauheliha \u20ac11,90 [&hellip;]<\/p>\n","protected":false},"author":1,"featured_media":0,"parent":0,"menu_order":0,"comment_status":"closed","ping_status":"closed","template":"tpl-default-elementor.php","meta":{"footnotes":""},"class_list":["post-1961","page","type-page","status-publish","hentry"],"_links":{"self":[{"href":"https:\/\/tmcrea.fi\/aladdin-burger\/wp-json\/wp\/v2\/pages\/1961","targetHints":{"allow":["GET"]}}],"collection":[{"href":"https:\/\/tmcrea.fi\/aladdin-burger\/wp-json\/wp\/v2\/pages"}],"about":[{"href":"https:\/\/tmcrea.fi\/aladdin-burger\/wp-json\/wp\/v2\/types\/page"}],"author":[{"embeddable":true,"href":"https:\/\/tmcrea.fi\/aladdin-burger\/wp-json\/wp\/v2\/users\/1"}],"replies":[{"embeddable":true,"href":"https:\/\/tmcrea.fi\/aladdin-burger\/wp-json\/wp\/v2\/comments?post=1961"}],"version-history":[{"count":72,"href":"https:\/\/tmcrea.fi\/aladdin-burger\/wp-json\/wp\/v2\/pages\/1961\/revisions"}],"predecessor-version":[{"id":2700,"href":"https:\/\/tmcrea.fi\/aladdin-burger\/wp-json\/wp\/v2\/pages\/1961\/revisions\/2700"}],"wp:attachment":[{"href":"https:\/\/tmcrea.fi\/aladdin-burger\/wp-json\/wp\/v2\/media?parent=1961"}],"curies":[{"name":"wp","href":"https:\/\/api.w.org\/{rel}","templated":true}]}}