{"id":2281,"date":"2024-05-20T18:53:58","date_gmt":"2024-05-20T18:53:58","guid":{"rendered":"https:\/\/tmcrea.fi\/aladdin-burger\/?page_id=2281"},"modified":"2024-12-01T23:51:57","modified_gmt":"2024-12-01T23:51:57","slug":"salaatit","status":"publish","type":"page","link":"https:\/\/tmcrea.fi\/aladdin-burger\/salaatit\/","title":{"rendered":"Salaatit"},"content":{"rendered":"\t\t<div data-elementor-type=\"wp-page\" data-elementor-id=\"2281\" class=\"elementor elementor-2281\" data-elementor-post-type=\"page\">\n\t\t\t\t\t\t<section class=\"elementor-section elementor-top-section elementor-element elementor-element-dd69ac3 elementor-section-full_width elementor-section-height-default elementor-section-height-default\" data-id=\"dd69ac3\" data-element_type=\"section\">\n\t\t\t\t\t\t<div class=\"elementor-container elementor-column-gap-default\">\n\t\t\t\t\t<div class=\"elementor-column elementor-col-100 elementor-top-column elementor-element elementor-element-151ea31\" data-id=\"151ea31\" data-element_type=\"column\">\n\t\t\t<div class=\"elementor-widget-wrap\">\n\t\t\t\t\t\t\t<\/div>\n\t\t<\/div>\n\t\t\t\t\t<\/div>\n\t\t<\/section>\n\t\t\t\t<section class=\"elementor-section elementor-top-section elementor-element elementor-element-871dd87 elementor-section-full_width elementor-section-height-default elementor-section-height-default\" data-id=\"871dd87\" data-element_type=\"section\">\n\t\t\t\t\t\t<div class=\"elementor-container elementor-column-gap-default\">\n\t\t\t\t\t<div class=\"elementor-column elementor-col-100 elementor-top-column elementor-element elementor-element-9a5ddd1\" data-id=\"9a5ddd1\" data-element_type=\"column\">\n\t\t\t<div class=\"elementor-widget-wrap\">\n\t\t\t\t\t\t\t<\/div>\n\t\t<\/div>\n\t\t\t\t\t<\/div>\n\t\t<\/section>\n\t\t\t\t<section class=\"elementor-section elementor-top-section elementor-element elementor-element-0d57bff elementor-section-full_width elementor-section-height-default elementor-section-height-default\" data-id=\"0d57bff\" data-element_type=\"section\">\n\t\t\t\t\t\t<div class=\"elementor-container elementor-column-gap-default\">\n\t\t\t\t\t<div class=\"elementor-column elementor-col-100 elementor-top-column elementor-element elementor-element-97c0af1\" data-id=\"97c0af1\" data-element_type=\"column\">\n\t\t\t<div class=\"elementor-widget-wrap\">\n\t\t\t\t\t\t\t<\/div>\n\t\t<\/div>\n\t\t\t\t\t<\/div>\n\t\t<\/section>\n\t\t\t\t<section class=\"elementor-section elementor-top-section elementor-element elementor-element-239f953 elementor-section-full_width elementor-section-height-default elementor-section-height-default\" data-id=\"239f953\" data-element_type=\"section\">\n\t\t\t\t\t\t<div class=\"elementor-container elementor-column-gap-default\">\n\t\t\t\t\t<div class=\"elementor-column elementor-col-100 elementor-top-column elementor-element elementor-element-758ae93\" data-id=\"758ae93\" data-element_type=\"column\">\n\t\t\t<div class=\"elementor-widget-wrap\">\n\t\t\t\t\t\t\t<\/div>\n\t\t<\/div>\n\t\t\t\t\t<\/div>\n\t\t<\/section>\n\t\t\t\t<section class=\"elementor-section elementor-top-section elementor-element elementor-element-f51c7fe elementor-section-full_width elementor-section-height-default elementor-section-height-default\" data-id=\"f51c7fe\" data-element_type=\"section\">\n\t\t\t\t\t\t<div class=\"elementor-container elementor-column-gap-default\">\n\t\t\t\t\t<div class=\"elementor-column elementor-col-100 elementor-top-column elementor-element elementor-element-5a87d4b\" data-id=\"5a87d4b\" data-element_type=\"column\">\n\t\t\t<div class=\"elementor-widget-wrap\">\n\t\t\t\t\t\t\t<\/div>\n\t\t<\/div>\n\t\t\t\t\t<\/div>\n\t\t<\/section>\n\t\t\t\t<section class=\"elementor-section elementor-top-section elementor-element elementor-element-e9405bf elementor-section-full_width elementor-section-height-default elementor-section-height-default\" data-id=\"e9405bf\" data-element_type=\"section\">\n\t\t\t\t\t\t<div class=\"elementor-container elementor-column-gap-default\">\n\t\t\t\t\t<div class=\"elementor-column elementor-col-100 elementor-top-column elementor-element elementor-element-b97931c\" data-id=\"b97931c\" data-element_type=\"column\">\n\t\t\t<div class=\"elementor-widget-wrap elementor-element-populated\">\n\t\t\t\t\t\t<div class=\"elementor-element elementor-element-d9afca2 elementor-widget elementor-widget-heritaste_banner_v5\" data-id=\"d9afca2\" data-element_type=\"widget\" data-widget_type=\"heritaste_banner_v5.default\">\n\t\t\t\t<div class=\"elementor-widget-container\">\n\t\t\t    \n    <!-- banner-section -->\n    <section class=\"banner-style-five\">\n        <div class=\"banner-carousel owl-theme owl-carousel owl-dots-none\">\n                        <div class=\"slide-item style-two\">\n                                <div class=\"image-layer\" style=\"background-image:url(https:\/\/tmcrea.fi\/aladdin-burger\/wp-content\/uploads\/2024\/05\/nokian-doner-salaatit.jpg)\"><\/div>\n                                <div class=\"auto-container\">\n                    <div class=\"content-box\">\n                        <span class=\"special-font\">Meid\u00e4n kokki<\/span>\n                        <h2>Aladdin burger<\/h2>\n                        <p>Tutustu meid\u00e4n erikoisruoka <br \/> ja valikoi itsellesi maistuva annos, <br \/>niin pieneen kuin suureenkin n\u00e4lk\u00e4\u00e4n.<\/p>\n                                            <\/div>  \n                <\/div>\n            <\/div>\n                    <\/div>\n    <\/section>\n    <!-- banner-section end -->\n        \n        \t\t<\/div>\n\t\t\t\t<\/div>\n\t\t\t\t<div class=\"elementor-element elementor-element-8c2d741 elementor-widget elementor-widget-heritaste_menu_section_v5\" data-id=\"8c2d741\" data-element_type=\"widget\" data-widget_type=\"heritaste_menu_section_v5.default\">\n\t\t\t\t<div class=\"elementor-widget-container\">\n\t\t\t    \n    <!-- menu-style-five -->\n    <section class=\"menu-style-five alternet-2 white-bg\">\n        <div class=\"outer-container\">\n            <div class=\"sec-title light centred\">\n                                <div class=\"title-shape\">\n                    <div class=\"shape-1\" style=\"background-image: url(https:\/\/tmcrea.fi\/aladdin-burger\/wp-content\/themes\/heritaste\/assets\/images\/shape\/shape-46.png);\"><\/div>\n                    <div class=\"shape-2\" style=\"background-image: url(https:\/\/tmcrea.fi\/aladdin-burger\/wp-content\/themes\/heritaste\/assets\/images\/shape\/shape-47.png);\"><\/div>\n                <\/div>\n                                <span class=\"sub-title\">Aladdin Burger<\/span>                <h2>Salaatit<\/h2>            <\/div>\n            <div data-animation-box class=\"menu-content\">\n                                <div class=\"image-box-two\">\n                    <div class=\"image-shape\" style=\"background-image: url(https:\/\/tmcrea.fi\/aladdin-burger\/wp-content\/themes\/heritaste\/assets\/images\/shape\/shape-48.png);\"><\/div>\n                    <figure data-animation-text class=\"overlay-anim-black-bg image\" data-animation=\"overlay-animation\"><img decoding=\"async\" src=\"https:\/\/tmcrea.fi\/aladdin-burger\/wp-content\/uploads\/2023\/02\/salaatit2-kotiruoka-large.jpg\" alt=\"Awesome Image\"><\/figure>\n                <\/div>\n                                <div class=\"content-box\">\n                    <div class=\"inner-box\">                        \n                                                <div class=\"single-item\">\n                            <h3><a href=\"\">1. Kanasalaatti<\/a><\/h3>\n                            <p>kana, tomaatti, suolakurkku, ananas, herkkusieni, kaali, kastikkeetm leip\u00e4<\/p>\n                            <h5>\u20ac11,00<\/h5>\n                        <\/div>\n                                                <div class=\"single-item\">\n                            <h3><a href=\"\">2. Fetasalaatti<\/a><\/h3>\n                            <p>fetajuusto, tomaatti, sipuli, oliivi, kurkku, kaali, \u00f6ljy etikka, sitruunapippuri, leip\u00e4<\/p>\n                            <h5>\u20ac11,00<\/h5>\n                        <\/div>\n                                            <\/div>\n                    <div class=\"lower-box clearfix\">\n                                                                        <ul class=\"rating clearfix pull-right\">\n                            <li><img decoding=\"async\" src=\"https:\/\/tmcrea.fi\/aladdin-burger\/wp-content\/themes\/heritaste\/assets\/images\/icons\/icon-1.png\" alt=\"Awesome Image\"><\/li>\n                            <li><img decoding=\"async\" src=\"https:\/\/tmcrea.fi\/aladdin-burger\/wp-content\/themes\/heritaste\/assets\/images\/icons\/icon-1.png\" alt=\"Awesome Image\"><\/li>\n                            <li><img decoding=\"async\" src=\"https:\/\/tmcrea.fi\/aladdin-burger\/wp-content\/themes\/heritaste\/assets\/images\/icons\/icon-1.png\" alt=\"Awesome Image\"><\/li>\n                        <\/ul>\n                                            <\/div>\n                <\/div>\n                <div class=\"image-box-one\">\n                                                            <figure data-animation-text class=\"overlay-anim-black-bg image\" data-animation=\"overlay-animation\"><img decoding=\"async\" src=\"https:\/\/tmcrea.fi\/aladdin-burger\/wp-content\/uploads\/2024\/12\/burgersbanner_008.jpg\" alt=\"Awesome Image\"><\/figure>\n                \t                <\/div>\n            <\/div>\n        <\/div>\n    <\/section>\n    <!-- menu-style-five end -->\n        \n        \t\t<\/div>\n\t\t\t\t<\/div>\n\t\t\t\t\t<\/div>\n\t\t<\/div>\n\t\t\t\t\t<\/div>\n\t\t<\/section>\n\t\t\t\t<section class=\"elementor-section elementor-top-section elementor-element elementor-element-526e193 elementor-section-boxed elementor-section-height-default elementor-section-height-default\" data-id=\"526e193\" data-element_type=\"section\">\n\t\t\t\t\t\t<div class=\"elementor-container elementor-column-gap-default\">\n\t\t\t\t\t<div class=\"elementor-column elementor-col-100 elementor-top-column elementor-element elementor-element-0206e75\" data-id=\"0206e75\" data-element_type=\"column\">\n\t\t\t<div class=\"elementor-widget-wrap elementor-element-populated\">\n\t\t\t\t\t\t<div class=\"elementor-element elementor-element-5b9f839 elementor-widget elementor-widget-spacer\" data-id=\"5b9f839\" data-element_type=\"widget\" data-widget_type=\"spacer.default\">\n\t\t\t\t<div class=\"elementor-widget-container\">\n\t\t\t<style>\/*! elementor - v3.21.0 - 08-05-2024 *\/\n.elementor-column .elementor-spacer-inner{height:var(--spacer-size)}.e-con{--container-widget-width:100%}.e-con-inner>.elementor-widget-spacer,.e-con>.elementor-widget-spacer{width:var(--container-widget-width,var(--spacer-size));--align-self:var(--container-widget-align-self,initial);--flex-shrink:0}.e-con-inner>.elementor-widget-spacer>.elementor-widget-container,.e-con>.elementor-widget-spacer>.elementor-widget-container{height:100%;width:100%}.e-con-inner>.elementor-widget-spacer>.elementor-widget-container>.elementor-spacer,.e-con>.elementor-widget-spacer>.elementor-widget-container>.elementor-spacer{height:100%}.e-con-inner>.elementor-widget-spacer>.elementor-widget-container>.elementor-spacer>.elementor-spacer-inner,.e-con>.elementor-widget-spacer>.elementor-widget-container>.elementor-spacer>.elementor-spacer-inner{height:var(--container-widget-height,var(--spacer-size))}.e-con-inner>.elementor-widget-spacer.elementor-widget-empty,.e-con>.elementor-widget-spacer.elementor-widget-empty{position:relative;min-height:22px;min-width:22px}.e-con-inner>.elementor-widget-spacer.elementor-widget-empty .elementor-widget-empty-icon,.e-con>.elementor-widget-spacer.elementor-widget-empty .elementor-widget-empty-icon{position:absolute;top:0;bottom:0;left:0;right:0;margin:auto;padding:0;width:22px;height:22px}<\/style>\t\t<div class=\"elementor-spacer\">\n\t\t\t<div class=\"elementor-spacer-inner\"><\/div>\n\t\t<\/div>\n\t\t\t\t<\/div>\n\t\t\t\t<\/div>\n\t\t\t\t\t<\/div>\n\t\t<\/div>\n\t\t\t\t\t<\/div>\n\t\t<\/section>\n\t\t\t\t<\/div>\n\t\t","protected":false},"excerpt":{"rendered":"<p>Meid\u00e4n kokki Aladdin burger Tutustu meid\u00e4n erikoisruoka ja valikoi itsellesi maistuva annos, niin pieneen kuin suureenkin n\u00e4lk\u00e4\u00e4n. Aladdin Burger Salaatit 1. Kanasalaatti kana, tomaatti, suolakurkku, ananas, herkkusieni, kaali, kastikkeetm leip\u00e4 \u20ac13,00 2. Fetasalaatti fetajuusto, tomaatti, sipuli, oliivi, kurkku, kaali, \u00f6ljy etikka, sitruunapippuri, leip\u00e4 \u20ac13,00<\/p>\n","protected":false},"author":1,"featured_media":0,"parent":0,"menu_order":0,"comment_status":"closed","ping_status":"closed","template":"tpl-default-elementor.php","meta":{"footnotes":""},"class_list":["post-2281","page","type-page","status-publish","hentry"],"_links":{"self":[{"href":"https:\/\/tmcrea.fi\/aladdin-burger\/wp-json\/wp\/v2\/pages\/2281","targetHints":{"allow":["GET"]}}],"collection":[{"href":"https:\/\/tmcrea.fi\/aladdin-burger\/wp-json\/wp\/v2\/pages"}],"about":[{"href":"https:\/\/tmcrea.fi\/aladdin-burger\/wp-json\/wp\/v2\/types\/page"}],"author":[{"embeddable":true,"href":"https:\/\/tmcrea.fi\/aladdin-burger\/wp-json\/wp\/v2\/users\/1"}],"replies":[{"embeddable":true,"href":"https:\/\/tmcrea.fi\/aladdin-burger\/wp-json\/wp\/v2\/comments?post=2281"}],"version-history":[{"count":25,"href":"https:\/\/tmcrea.fi\/aladdin-burger\/wp-json\/wp\/v2\/pages\/2281\/revisions"}],"predecessor-version":[{"id":2573,"href":"https:\/\/tmcrea.fi\/aladdin-burger\/wp-json\/wp\/v2\/pages\/2281\/revisions\/2573"}],"wp:attachment":[{"href":"https:\/\/tmcrea.fi\/aladdin-burger\/wp-json\/wp\/v2\/media?parent=2281"}],"curies":[{"name":"wp","href":"https:\/\/api.w.org\/{rel}","templated":true}]}}