{"id":44,"date":"2023-02-22T13:52:44","date_gmt":"2023-02-22T13:52:44","guid":{"rendered":"https:\/\/fastwpdemo.com\/newwp\/heritaste\/?page_id=44"},"modified":"2024-12-01T23:40:39","modified_gmt":"2024-12-01T23:40:39","slug":"meista","status":"publish","type":"page","link":"https:\/\/tmcrea.fi\/aladdin-burger\/meista\/","title":{"rendered":"Meist\u00e4"},"content":{"rendered":"\t\t<div data-elementor-type=\"wp-page\" data-elementor-id=\"44\" class=\"elementor elementor-44\" data-elementor-post-type=\"page\">\n\t\t\t\t\t\t<section class=\"elementor-section elementor-top-section elementor-element elementor-element-6650a3b elementor-section-full_width elementor-section-height-default elementor-section-height-default\" data-id=\"6650a3b\" data-element_type=\"section\">\n\t\t\t\t\t\t<div class=\"elementor-container elementor-column-gap-default\">\n\t\t\t\t\t<div class=\"elementor-column elementor-col-100 elementor-top-column elementor-element elementor-element-68e8402\" data-id=\"68e8402\" data-element_type=\"column\">\n\t\t\t<div class=\"elementor-widget-wrap\">\n\t\t\t\t\t\t\t<\/div>\n\t\t<\/div>\n\t\t\t\t\t<\/div>\n\t\t<\/section>\n\t\t\t\t<section class=\"elementor-section elementor-top-section elementor-element elementor-element-b6d6c01 elementor-section-full_width elementor-section-height-default elementor-section-height-default\" data-id=\"b6d6c01\" data-element_type=\"section\">\n\t\t\t\t\t\t<div class=\"elementor-container elementor-column-gap-default\">\n\t\t\t\t\t<div class=\"elementor-column elementor-col-100 elementor-top-column elementor-element elementor-element-95396fd\" data-id=\"95396fd\" data-element_type=\"column\">\n\t\t\t<div class=\"elementor-widget-wrap\">\n\t\t\t\t\t\t\t<\/div>\n\t\t<\/div>\n\t\t\t\t\t<\/div>\n\t\t<\/section>\n\t\t\t\t<section class=\"elementor-section elementor-top-section elementor-element elementor-element-9134189 elementor-section-full_width elementor-section-height-default elementor-section-height-default\" data-id=\"9134189\" data-element_type=\"section\">\n\t\t\t\t\t\t<div class=\"elementor-container elementor-column-gap-default\">\n\t\t\t\t\t<div class=\"elementor-column elementor-col-100 elementor-top-column elementor-element elementor-element-55a7284\" data-id=\"55a7284\" data-element_type=\"column\">\n\t\t\t<div class=\"elementor-widget-wrap elementor-element-populated\">\n\t\t\t\t\t\t<div class=\"elementor-element elementor-element-1f6de0b elementor-widget elementor-widget-heritaste_about_us_v2\" data-id=\"1f6de0b\" data-element_type=\"widget\" data-widget_type=\"heritaste_about_us_v2.default\">\n\t\t\t\t<div class=\"elementor-widget-container\">\n\t\t\t\t\n    <!-- about-style-two -->\n    <section class=\"about-style-two about-page\">\n        <div class=\"auto-container\">\n            <div class=\"row clearfix\">\n                <div class=\"col-lg-6 col-md-12 col-sm-12 image-column\">\n                    <div class=\"image-block-three\">\n                                                <div class=\"image-box\">\n                        \t                            <div class=\"image-shape\" style=\"background-image: url(https:\/\/tmcrea.fi\/aladdin-burger\/wp-content\/themes\/heritaste\/assets\/images\/shape\/shape-53.png);\"><\/div>\n                            \t\t\t\t\t\t\t<figure class=\"image image-1\"><img decoding=\"async\" src=\"https:\/\/tmcrea.fi\/aladdin-burger\/wp-content\/uploads\/2024\/12\/burgersbanner_006.jpg\" alt=\"Awesome Image\"><\/figure>                            <figure class=\"image image-2\"><img decoding=\"async\" src=\"https:\/\/tmcrea.fi\/aladdin-burger\/wp-content\/uploads\/2024\/12\/burgersbanner_007.jpg\" alt=\"Awesome Image\"><\/figure>                                                        <div class=\"text\">\n                            \t                                <div class=\"text-shape\" style=\"background-image: url(https:\/\/tmcrea.fi\/aladdin-burger\/wp-content\/themes\/heritaste\/assets\/images\/shape\/shape-54.png);\"><\/div>\n                                                                <span class=\"special-font\">Talon ruoat<\/span>\n                            <\/div>\n                                                    <\/div>\n                                            <\/div>\n                <\/div>\n                <div class=\"col-lg-6 col-md-12 col-sm-12 content-column\">\n                    <div class=\"content-block-three\">\n                        <div class=\"content-box\">\n                                                        <div class=\"sec-title \">\n                                <span class=\"sub-title\">Ravintolamme<\/span>                                <h2>Jokaisessa ruoassa <br \/> on erityinen maku<\/h2>                            <\/div>\n                                                        <div class=\"inner-box\">\n                                                                <div class=\"shape\" style=\"background-image: url(https:\/\/tmcrea.fi\/aladdin-burger\/wp-content\/themes\/heritaste\/assets\/images\/shape\/shape-55.png);\"><\/div>\n                                \t\t\t\t\t\t\t\t                                <div class=\"text\">\n                                                                        <p>keitti\u00f6ss\u00e4mme meill\u00e4 on tiimi ammattilaisia pikaruokaan erikoistuneita kokkeja.<br \/>\nAladin Burgerissa tehd\u00e4\u00e4n Espoon herkullisimmat burgerit sek\u00e4 pizzat ja kebabit! Maun takaavat itse valmistettu taikina, kastikkeet sek\u00e4 laadukkaat raaka-aineet. \nKebab on kotimaista, 100-prosenttista naudanlihaa. Meill\u00e4 my\u00f6s yst\u00e4v\u00e4llinen ja nopea palvelu sek\u00e4 kotiinkuljetus!<\/p>                                <\/div>\n                                                                                                <ul class=\"list-item clearfix\">\n\t\t\t\t\t\t\t\t\t                                      <li><i class=\"flaticon-chef-1\"><\/i>Teemme ruokaa rakkaudella<\/li>\n                                                                          <li><i class=\"flaticon-restaurant-2\"><\/i>Alkuper\u00e4inen talon ruoka.<\/li>\n                                                                          <li><i class=\"flaticon-food-tray\"><\/i>Sy\u00f6 paikalla tai ottaa mukaan.<\/li>\n                                                                     <\/ul>\n                                                                <div class=\"author-box\">\n                                    <figure class=\"signature\"><img decoding=\"async\" src=\"https:\/\/tmcrea.fi\/aladdin-burger\/wp-content\/uploads\/2024\/11\/logo.jpg\" alt=\"Awesome Image\"><\/figure>                                                                        <div class=\"author-info\">\n                                        <h3>Aladdin Burger<\/h3>                                                                            <\/div>\n                                                                    <\/div>\n                            <\/div>\n                        <\/div>\n                    <\/div>\n                <\/div>\n            <\/div>\n        <\/div>\n    <\/section>\n    <!-- about-style-two end -->       \n        \n        \t\t<\/div>\n\t\t\t\t<\/div>\n\t\t\t\t<div class=\"elementor-element elementor-element-ccf6097 elementor-widget elementor-widget-heritaste_feature_services_v3\" data-id=\"ccf6097\" data-element_type=\"widget\" data-widget_type=\"heritaste_feature_services_v3.default\">\n\t\t\t\t<div class=\"elementor-widget-container\">\n\t\t\t        <!-- delivery-section -->\n        <section class=\"delivery-section about-page sec-pad\">\n                        <div class=\"shape\" style=\"background-image: url(https:\/\/tmcrea.fi\/aladdin-burger\/wp-content\/themes\/heritaste\/assets\/images\/shape\/shape-57.png);\"><\/div>\n                        <div class=\"auto-container\">\n            \t                <div class=\"sec-title centred\">\n                    <span class=\"sub-title\">palvemme<\/span>                    <h2>Paikan p\u00e4\u00e4ll\u00e4, nouto ja toimitus<\/h2>                    <p>Toimitamme laatua hymyillen <\/p>                <\/div>\n                                <div class=\"row clearfix\">\n                                        <div class=\"col-lg-4 col-md-6 col-sm-12 delivery-block\">\n                        <div class=\"delivery-block-one wow fadeInUp animated\" data-wow-delay=\"00ms\" data-wow-duration=\"1500ms\">\n                            <div class=\"inner-box\">\n                                <div class=\"image-box\">\n                                \t                                    <figure class=\"image\"><img fetchpriority=\"high\" decoding=\"async\" width=\"360\" height=\"320\" src=\"https:\/\/tmcrea.fi\/aladdin-burger\/wp-content\/uploads\/2022\/07\/aladdin-burger_01.jpg\" class=\"attachment-heritaste_360x320 size-heritaste_360x320 wp-post-image\" alt=\"\" srcset=\"https:\/\/tmcrea.fi\/aladdin-burger\/wp-content\/uploads\/2022\/07\/aladdin-burger_01.jpg 360w, https:\/\/tmcrea.fi\/aladdin-burger\/wp-content\/uploads\/2022\/07\/aladdin-burger_01-300x267.jpg 300w\" sizes=\"(max-width: 360px) 100vw, 360px\" \/><\/figure>                                    \n                                    <span class=\"count-text\">01<\/span>\n                                                                        <h3><a href=\"\">Paikan p\u00e4\u00e4ll\u00e4<\/a><\/h3>\n                                <\/div>\n                                \n                                <div class=\"lower-content\">\n                                    <p>Tuoreita ja herkullisia ruokia paikan p\u00e4\u00e4ll\u00e4.<\/p>\n                                    <a href=\"\"><span>Read More<\/span><\/a>\n                                <\/div>\n                            <\/div>\n                        <\/div>\n                    <\/div>\n                                        <div class=\"col-lg-4 col-md-6 col-sm-12 delivery-block\">\n                        <div class=\"delivery-block-one wow fadeInUp animated\" data-wow-delay=\"00ms\" data-wow-duration=\"1500ms\">\n                            <div class=\"inner-box\">\n                                <div class=\"image-box\">\n                                \t                                    <figure class=\"image\"><img decoding=\"async\" width=\"360\" height=\"320\" src=\"https:\/\/tmcrea.fi\/aladdin-burger\/wp-content\/uploads\/2022\/07\/nouto-ravintola-kotiruoka.jpg\" class=\"attachment-heritaste_360x320 size-heritaste_360x320 wp-post-image\" alt=\"\" srcset=\"https:\/\/tmcrea.fi\/aladdin-burger\/wp-content\/uploads\/2022\/07\/nouto-ravintola-kotiruoka.jpg 360w, https:\/\/tmcrea.fi\/aladdin-burger\/wp-content\/uploads\/2022\/07\/nouto-ravintola-kotiruoka-300x267.jpg 300w\" sizes=\"(max-width: 360px) 100vw, 360px\" \/><\/figure>                                    \n                                    <span class=\"count-text\">02<\/span>\n                                                                        <h3><a href=\"\">Noutopalvelu<\/a><\/h3>\n                                <\/div>\n                                \n                                <div class=\"lower-content\">\n                                    <p>Noudettaessa odotusaika on n. 20 min<\/p>\n                                    <a href=\"\"><span>Read More<\/span><\/a>\n                                <\/div>\n                            <\/div>\n                        <\/div>\n                    <\/div>\n                                        <div class=\"col-lg-4 col-md-6 col-sm-12 delivery-block\">\n                        <div class=\"delivery-block-one wow fadeInUp animated\" data-wow-delay=\"00ms\" data-wow-duration=\"1500ms\">\n                            <div class=\"inner-box\">\n                                <div class=\"image-box\">\n                                \t                                    <figure class=\"image\"><img decoding=\"async\" width=\"360\" height=\"320\" src=\"https:\/\/tmcrea.fi\/aladdin-burger\/wp-content\/uploads\/2022\/07\/toimitus_ravintola-kotiruoka.jpg\" class=\"attachment-heritaste_360x320 size-heritaste_360x320 wp-post-image\" alt=\"\" srcset=\"https:\/\/tmcrea.fi\/aladdin-burger\/wp-content\/uploads\/2022\/07\/toimitus_ravintola-kotiruoka.jpg 360w, https:\/\/tmcrea.fi\/aladdin-burger\/wp-content\/uploads\/2022\/07\/toimitus_ravintola-kotiruoka-300x267.jpg 300w\" sizes=\"(max-width: 360px) 100vw, 360px\" \/><\/figure>                                    \n                                    <span class=\"count-text\">03<\/span>\n                                                                        <h3><a href=\"\">Toimituspalvelu<\/a><\/h3>\n                                <\/div>\n                                \n                                <div class=\"lower-content\">\n                                    <p>Toimituspalvelu on tehty my\u00f6s Woltin tai Foodoran kautta.<\/p>\n                                    <a href=\"\"><span>Read More<\/span><\/a>\n                                <\/div>\n                            <\/div>\n                        <\/div>\n                    <\/div>\n                                    <\/div>\n            <\/div>\n        <\/section>\n        <!-- delivery-section end -->\n        \n        \n        \t\t<\/div>\n\t\t\t\t<\/div>\n\t\t\t\t\t<\/div>\n\t\t<\/div>\n\t\t\t\t\t<\/div>\n\t\t<\/section>\n\t\t\t\t<section class=\"elementor-section elementor-top-section elementor-element elementor-element-17a8993 elementor-section-full_width elementor-section-height-default elementor-section-height-default\" data-id=\"17a8993\" data-element_type=\"section\">\n\t\t\t\t\t\t<div class=\"elementor-container elementor-column-gap-default\">\n\t\t\t\t\t<div class=\"elementor-column elementor-col-100 elementor-top-column elementor-element elementor-element-eaa3475\" data-id=\"eaa3475\" data-element_type=\"column\">\n\t\t\t<div class=\"elementor-widget-wrap\">\n\t\t\t\t\t\t\t<\/div>\n\t\t<\/div>\n\t\t\t\t\t<\/div>\n\t\t<\/section>\n\t\t\t\t<\/div>\n\t\t","protected":false},"excerpt":{"rendered":"<p>Talon ruoat Ravintolamme Jokaisessa ruoassa on erityinen maku keitti\u00f6ss\u00e4mme meill\u00e4 on tiimi ammattilaisia pikaruokaan erikoistuneita kokkeja. Aladin Burgerissa tehd\u00e4\u00e4n Espoon herkullisimmat burgerit sek\u00e4 pizzat ja kebabit! Maun takaavat itse valmistettu taikina, kastikkeet sek\u00e4 laadukkaat raaka-aineet. Kebab on kotimaista, 100-prosenttista naudanlihaa. Meill\u00e4 my\u00f6s yst\u00e4v\u00e4llinen ja nopea palvelu sek\u00e4 kotiinkuljetus! Teemme ruokaa rakkaudella Alkuper\u00e4inen talon ruoka. Sy\u00f6 [&hellip;]<\/p>\n","protected":false},"author":1,"featured_media":0,"parent":0,"menu_order":0,"comment_status":"closed","ping_status":"closed","template":"tpl-default-elementor.php","meta":{"footnotes":""},"class_list":["post-44","page","type-page","status-publish","hentry"],"_links":{"self":[{"href":"https:\/\/tmcrea.fi\/aladdin-burger\/wp-json\/wp\/v2\/pages\/44","targetHints":{"allow":["GET"]}}],"collection":[{"href":"https:\/\/tmcrea.fi\/aladdin-burger\/wp-json\/wp\/v2\/pages"}],"about":[{"href":"https:\/\/tmcrea.fi\/aladdin-burger\/wp-json\/wp\/v2\/types\/page"}],"author":[{"embeddable":true,"href":"https:\/\/tmcrea.fi\/aladdin-burger\/wp-json\/wp\/v2\/users\/1"}],"replies":[{"embeddable":true,"href":"https:\/\/tmcrea.fi\/aladdin-burger\/wp-json\/wp\/v2\/comments?post=44"}],"version-history":[{"count":42,"href":"https:\/\/tmcrea.fi\/aladdin-burger\/wp-json\/wp\/v2\/pages\/44\/revisions"}],"predecessor-version":[{"id":2564,"href":"https:\/\/tmcrea.fi\/aladdin-burger\/wp-json\/wp\/v2\/pages\/44\/revisions\/2564"}],"wp:attachment":[{"href":"https:\/\/tmcrea.fi\/aladdin-burger\/wp-json\/wp\/v2\/media?parent=44"}],"curies":[{"name":"wp","href":"https:\/\/api.w.org\/{rel}","templated":true}]}}