{"id":51,"date":"2023-02-05T05:44:43","date_gmt":"2023-02-05T05:44:43","guid":{"rendered":"https:\/\/fastwpdemo.com\/newwp\/heritaste\/?page_id=51"},"modified":"2026-03-02T04:42:52","modified_gmt":"2026-03-02T04:42:52","slug":"ota-yhteytta","status":"publish","type":"page","link":"https:\/\/tmcrea.fi\/aladdin-burger\/ota-yhteytta\/","title":{"rendered":"Ota yhteytt\u00e4"},"content":{"rendered":"\t\t<div data-elementor-type=\"wp-page\" data-elementor-id=\"51\" class=\"elementor elementor-51\" data-elementor-post-type=\"page\">\n\t\t\t\t\t\t<section class=\"elementor-section elementor-top-section elementor-element elementor-element-52b20e8 elementor-section-full_width elementor-section-height-default elementor-section-height-default\" data-id=\"52b20e8\" data-element_type=\"section\">\n\t\t\t\t\t\t<div class=\"elementor-container elementor-column-gap-default\">\n\t\t\t\t\t<div class=\"elementor-column elementor-col-100 elementor-top-column elementor-element elementor-element-c798b8e\" data-id=\"c798b8e\" data-element_type=\"column\">\n\t\t\t<div class=\"elementor-widget-wrap\">\n\t\t\t\t\t\t\t<\/div>\n\t\t<\/div>\n\t\t\t\t\t<\/div>\n\t\t<\/section>\n\t\t\t\t<section class=\"elementor-section elementor-top-section elementor-element elementor-element-693f71a elementor-section-full_width elementor-section-height-default elementor-section-height-default\" data-id=\"693f71a\" data-element_type=\"section\">\n\t\t\t\t\t\t<div class=\"elementor-container elementor-column-gap-default\">\n\t\t\t\t\t<div class=\"elementor-column elementor-col-100 elementor-top-column elementor-element elementor-element-e173f6d\" data-id=\"e173f6d\" data-element_type=\"column\">\n\t\t\t<div class=\"elementor-widget-wrap\">\n\t\t\t\t\t\t\t<\/div>\n\t\t<\/div>\n\t\t\t\t\t<\/div>\n\t\t<\/section>\n\t\t\t\t<section class=\"elementor-section elementor-top-section elementor-element elementor-element-d267327 elementor-section-full_width elementor-section-height-default elementor-section-height-default\" data-id=\"d267327\" data-element_type=\"section\">\n\t\t\t\t\t\t<div class=\"elementor-container elementor-column-gap-default\">\n\t\t\t\t\t<div class=\"elementor-column elementor-col-100 elementor-top-column elementor-element elementor-element-5557272\" data-id=\"5557272\" data-element_type=\"column\">\n\t\t\t<div class=\"elementor-widget-wrap\">\n\t\t\t\t\t\t\t<\/div>\n\t\t<\/div>\n\t\t\t\t\t<\/div>\n\t\t<\/section>\n\t\t\t\t<section class=\"elementor-section elementor-top-section elementor-element elementor-element-8510d3a elementor-section-boxed elementor-section-height-default elementor-section-height-default\" data-id=\"8510d3a\" data-element_type=\"section\">\n\t\t\t\t\t\t<div class=\"elementor-container elementor-column-gap-default\">\n\t\t\t\t\t<div class=\"elementor-column elementor-col-100 elementor-top-column elementor-element elementor-element-54c5822\" data-id=\"54c5822\" data-element_type=\"column\">\n\t\t\t<div class=\"elementor-widget-wrap elementor-element-populated\">\n\t\t\t\t\t\t<div class=\"elementor-element elementor-element-d2553ed elementor-widget-divider--view-line elementor-widget elementor-widget-divider\" data-id=\"d2553ed\" data-element_type=\"widget\" data-widget_type=\"divider.default\">\n\t\t\t\t<div class=\"elementor-widget-container\">\n\t\t\t<style>\/*! elementor - v3.21.0 - 08-05-2024 *\/\n.elementor-widget-divider{--divider-border-style:none;--divider-border-width:1px;--divider-color:#0c0d0e;--divider-icon-size:20px;--divider-element-spacing:10px;--divider-pattern-height:24px;--divider-pattern-size:20px;--divider-pattern-url:none;--divider-pattern-repeat:repeat-x}.elementor-widget-divider .elementor-divider{display:flex}.elementor-widget-divider .elementor-divider__text{font-size:15px;line-height:1;max-width:95%}.elementor-widget-divider .elementor-divider__element{margin:0 var(--divider-element-spacing);flex-shrink:0}.elementor-widget-divider .elementor-icon{font-size:var(--divider-icon-size)}.elementor-widget-divider .elementor-divider-separator{display:flex;margin:0;direction:ltr}.elementor-widget-divider--view-line_icon .elementor-divider-separator,.elementor-widget-divider--view-line_text .elementor-divider-separator{align-items:center}.elementor-widget-divider--view-line_icon .elementor-divider-separator:after,.elementor-widget-divider--view-line_icon .elementor-divider-separator:before,.elementor-widget-divider--view-line_text .elementor-divider-separator:after,.elementor-widget-divider--view-line_text .elementor-divider-separator:before{display:block;content:\"\";border-block-end:0;flex-grow:1;border-block-start:var(--divider-border-width) var(--divider-border-style) var(--divider-color)}.elementor-widget-divider--element-align-left .elementor-divider .elementor-divider-separator>.elementor-divider__svg:first-of-type{flex-grow:0;flex-shrink:100}.elementor-widget-divider--element-align-left .elementor-divider-separator:before{content:none}.elementor-widget-divider--element-align-left .elementor-divider__element{margin-left:0}.elementor-widget-divider--element-align-right .elementor-divider .elementor-divider-separator>.elementor-divider__svg:last-of-type{flex-grow:0;flex-shrink:100}.elementor-widget-divider--element-align-right .elementor-divider-separator:after{content:none}.elementor-widget-divider--element-align-right .elementor-divider__element{margin-right:0}.elementor-widget-divider--element-align-start .elementor-divider .elementor-divider-separator>.elementor-divider__svg:first-of-type{flex-grow:0;flex-shrink:100}.elementor-widget-divider--element-align-start .elementor-divider-separator:before{content:none}.elementor-widget-divider--element-align-start .elementor-divider__element{margin-inline-start:0}.elementor-widget-divider--element-align-end .elementor-divider .elementor-divider-separator>.elementor-divider__svg:last-of-type{flex-grow:0;flex-shrink:100}.elementor-widget-divider--element-align-end .elementor-divider-separator:after{content:none}.elementor-widget-divider--element-align-end .elementor-divider__element{margin-inline-end:0}.elementor-widget-divider:not(.elementor-widget-divider--view-line_text):not(.elementor-widget-divider--view-line_icon) .elementor-divider-separator{border-block-start:var(--divider-border-width) var(--divider-border-style) var(--divider-color)}.elementor-widget-divider--separator-type-pattern{--divider-border-style:none}.elementor-widget-divider--separator-type-pattern.elementor-widget-divider--view-line .elementor-divider-separator,.elementor-widget-divider--separator-type-pattern:not(.elementor-widget-divider--view-line) .elementor-divider-separator:after,.elementor-widget-divider--separator-type-pattern:not(.elementor-widget-divider--view-line) .elementor-divider-separator:before,.elementor-widget-divider--separator-type-pattern:not([class*=elementor-widget-divider--view]) .elementor-divider-separator{width:100%;min-height:var(--divider-pattern-height);-webkit-mask-size:var(--divider-pattern-size) 100%;mask-size:var(--divider-pattern-size) 100%;-webkit-mask-repeat:var(--divider-pattern-repeat);mask-repeat:var(--divider-pattern-repeat);background-color:var(--divider-color);-webkit-mask-image:var(--divider-pattern-url);mask-image:var(--divider-pattern-url)}.elementor-widget-divider--no-spacing{--divider-pattern-size:auto}.elementor-widget-divider--bg-round{--divider-pattern-repeat:round}.rtl .elementor-widget-divider .elementor-divider__text{direction:rtl}.e-con-inner>.elementor-widget-divider,.e-con>.elementor-widget-divider{width:var(--container-widget-width,100%);--flex-grow:var(--container-widget-flex-grow)}<\/style>\t\t<div class=\"elementor-divider\">\n\t\t\t<span class=\"elementor-divider-separator\">\n\t\t\t\t\t\t<\/span>\n\t\t<\/div>\n\t\t\t\t<\/div>\n\t\t\t\t<\/div>\n\t\t\t\t\t<\/div>\n\t\t<\/div>\n\t\t\t\t\t<\/div>\n\t\t<\/section>\n\t\t\t\t<section class=\"elementor-section elementor-top-section elementor-element elementor-element-61ba5c7 elementor-section-boxed elementor-section-height-default elementor-section-height-default\" data-id=\"61ba5c7\" data-element_type=\"section\">\n\t\t\t\t\t\t<div class=\"elementor-container elementor-column-gap-default\">\n\t\t\t\t\t<div class=\"elementor-column elementor-col-100 elementor-top-column elementor-element elementor-element-46a6463\" data-id=\"46a6463\" data-element_type=\"column\">\n\t\t\t<div class=\"elementor-widget-wrap\">\n\t\t\t\t\t\t\t<\/div>\n\t\t<\/div>\n\t\t\t\t\t<\/div>\n\t\t<\/section>\n\t\t\t\t<section class=\"elementor-section elementor-top-section elementor-element elementor-element-e326de5 elementor-section-boxed elementor-section-height-default elementor-section-height-default\" data-id=\"e326de5\" data-element_type=\"section\">\n\t\t\t\t\t\t<div class=\"elementor-container elementor-column-gap-default\">\n\t\t\t\t\t<div class=\"elementor-column elementor-col-100 elementor-top-column elementor-element elementor-element-63d5095\" data-id=\"63d5095\" data-element_type=\"column\">\n\t\t\t<div class=\"elementor-widget-wrap elementor-element-populated\">\n\t\t\t\t\t\t<div class=\"elementor-element elementor-element-e24452c elementor-widget-divider--view-line elementor-widget elementor-widget-divider\" data-id=\"e24452c\" data-element_type=\"widget\" data-widget_type=\"divider.default\">\n\t\t\t\t<div class=\"elementor-widget-container\">\n\t\t\t\t\t<div class=\"elementor-divider\">\n\t\t\t<span class=\"elementor-divider-separator\">\n\t\t\t\t\t\t<\/span>\n\t\t<\/div>\n\t\t\t\t<\/div>\n\t\t\t\t<\/div>\n\t\t\t\t\t<\/div>\n\t\t<\/div>\n\t\t\t\t\t<\/div>\n\t\t<\/section>\n\t\t\t\t<section class=\"elementor-section elementor-top-section elementor-element elementor-element-1f58716 elementor-section-boxed elementor-section-height-default elementor-section-height-default\" data-id=\"1f58716\" data-element_type=\"section\">\n\t\t\t\t\t\t<div class=\"elementor-container elementor-column-gap-default\">\n\t\t\t\t\t<div class=\"elementor-column elementor-col-100 elementor-top-column elementor-element elementor-element-2a283e3\" data-id=\"2a283e3\" data-element_type=\"column\">\n\t\t\t<div class=\"elementor-widget-wrap elementor-element-populated\">\n\t\t\t\t\t\t<div class=\"elementor-element elementor-element-e10cc44 elementor-widget elementor-widget-google_maps\" data-id=\"e10cc44\" data-element_type=\"widget\" data-widget_type=\"google_maps.default\">\n\t\t\t\t<div class=\"elementor-widget-container\">\n\t\t\t<style>\/*! elementor - v3.21.0 - 08-05-2024 *\/\n.elementor-widget-google_maps .elementor-widget-container{overflow:hidden}.elementor-widget-google_maps .elementor-custom-embed{line-height:0}.elementor-widget-google_maps iframe{height:300px}<\/style>\t\t<div class=\"elementor-custom-embed\">\n\t\t\t<iframe loading=\"lazy\"\n\t\t\t\t\tsrc=\"https:\/\/maps.google.com\/maps?q=Kulloonm%C3%A4entie%2018%2C%2002940%20Espoo&#038;t=m&#038;z=15&#038;output=embed&#038;iwloc=near\"\n\t\t\t\t\ttitle=\"Kulloonm\u00e4entie 18, 02940 Espoo\"\n\t\t\t\t\taria-label=\"Kulloonm\u00e4entie 18, 02940 Espoo\"\n\t\t\t><\/iframe>\n\t\t<\/div>\n\t\t\t\t<\/div>\n\t\t\t\t<\/div>\n\t\t\t\t<div class=\"elementor-element elementor-element-4771af2 elementor-widget elementor-widget-heritaste_branches_section\" data-id=\"4771af2\" data-element_type=\"widget\" data-widget_type=\"heritaste_branches_section.default\">\n\t\t\t\t<div class=\"elementor-widget-container\">\n\t\t\t\t\n    <!-- branches-section -->\n    <section class=\"branches-section centred\">\n        <div class=\"auto-container\">\n            <div class=\"row clearfix\">\n                                <div class=\"col-lg-3 col-md-6 col-sm-12 single-column\">\n                    <div class=\"single-item\">\n                        <div class=\"icon-box\"><i class=\"flaticon-restaurant-3\"><\/i><\/div>\n                        <h3>Paikan p\u00e4\u00e4ll\u00e4<\/h3>\n                        <p>Kulloonm\u00e4entie 18, 02940 Espoo <br \/><a href=\"tel:050 595 8403\">050 595 8403<\/a><\/p>\n                        <div class=\"mail-box\"><a href=\"http:\/\/limi@hotmail.com%20\">Send Mail<\/a><\/div>\n                    <\/div>\n                <\/div>\n                                <div class=\"col-lg-3 col-md-6 col-sm-12 single-column\">\n                    <div class=\"single-item\">\n                        <div class=\"icon-box\"><i class=\"fa fa-box\"><\/i><\/div>\n                        <h3>Noudettuna<\/h3>\n                        <p>Kulloonm\u00e4entie 18, 02940 Espoo \n<br \/><a href=\"tel:050 595 8403\">050 595 8403<\/a><\/p>\n                        <div class=\"mail-box\"><a href=\"\"><\/a><\/div>\n                    <\/div>\n                <\/div>\n                                <div class=\"col-lg-3 col-md-6 col-sm-12 single-column\">\n                    <div class=\"single-item\">\n                        <div class=\"icon-box\"><i class=\"flaticon-food-tray\"><\/i><\/div>\n                        <h3>Huom!<\/h3>\n                        <p>Arvoisa asiakas, hinnat verkkosivustollamme eroavat Woltin hinnoista.<br \/><a href=\"tel:\"><\/a><\/p>\n                        <div class=\"mail-box\"><a href=\"\"><\/a><\/div>\n                    <\/div>\n                <\/div>\n                                <div class=\"col-lg-3 col-md-6 col-sm-12 single-column\">\n                    <div class=\"single-item\">\n                        <div class=\"icon-box\"><i class=\"flaticon-food-tray\"><\/i><\/div>\n                        <h3>Wolt<\/h3>\n                        <p>Wolt delivers from the best restaurants and stores around you.<br \/><a href=\"tel:\"><\/a><\/p>\n                        <div class=\"mail-box\"><a href=\"https:\/\/wolt.com\/fi\/fin\">Tilaa Woltilla<\/a><\/div>\n                    <\/div>\n                <\/div>\n                            <\/div>\n        <\/div>\n    <\/section>\n    <!-- branches-section end -->\n                     \n        \t\t<\/div>\n\t\t\t\t<\/div>\n\t\t\t\t<div class=\"elementor-element elementor-element-c2aa8a9 elementor-widget elementor-widget-heritaste_reserve_section\" data-id=\"c2aa8a9\" data-element_type=\"widget\" data-widget_type=\"heritaste_reserve_section.default\">\n\t\t\t\t<div class=\"elementor-widget-container\">\n\t\t\t    \n    <!-- reserve-section -->\n    <section class=\"reserve-section\">\n        <div class=\"auto-container\">\n            <div class=\"inner-container\">\n                                <div class=\"bg-layer\" style=\"background-image: url();\"><\/div>\n                                <div class=\"row clearfix\">\n                    <div class=\"col-xl-5 col-lg-12 col-md-12 content-column\">\n                        <div class=\"content-box\">\n                                                        <div class=\"light-icon\"><i class=\"flaticon-restaurant\"><\/i><\/div>\n                            <div class=\"text\">\n                                <h2>Noutaa ruokaa<\/h2>                                <p>Noudettaessa odotusaika on n. 20 min<\/p>                            <\/div>\n                                                                                    <div class=\"support-box\">\n                                <div class=\"icon-box\"><i class=\"flaticon-dial-pad-1\"><\/i><\/div>\n                                <h6>Soita ja tilaa<\/h6>                                <h3><a href=\"tel:050 595 8403\">050 595 8403<\/a><\/h3>                            <\/div>\n                                                                                <\/div>\n                    <\/div>\n                <\/div>\n            <\/div>\n        <\/div>\n    <\/section>\n    <!-- reserve-section end -->\n      \n        \t\t<\/div>\n\t\t\t\t<\/div>\n\t\t\t\t<div class=\"elementor-element elementor-element-b2b2557 elementor-widget elementor-widget-heritaste_contact_us\" data-id=\"b2b2557\" data-element_type=\"widget\" data-widget_type=\"heritaste_contact_us.default\">\n\t\t\t\t<div class=\"elementor-widget-container\">\n\t\t\t\t\t\n        <!-- contact-section -->\n        <section class=\"contact-section\">\n            <div class=\"bg-layer\" style=\"background-image: url(https:\/\/tmcrea.fi\/aladdin-burger\/wp-content\/uploads\/2024\/05\/nokian-doner-contacus.jpg);\"><\/div>                        <div class=\"auto-container\">\n                <div class=\"row clearfix\">\n                    <div class=\"col-lg-6 col-md-12 col-sm-12 info-column\">\n                        <div class=\"info-inner\">\n                            <div class=\"text\">\n                                <h2>L\u00f6yd\u00e4 meid\u00e4t<\/h2>                                                            <\/div>\n                            <ul class=\"info-list clearfix\">\n                                                                <li>\n                                    <div class=\"icon\"><i class=\"fa fa-blender-phone\"><\/i><\/div>\n                                    <h4>Puheline<\/h4>\n                                    050 595 8403                                <\/li>\n                                                                <li>\n                                    <div class=\"icon\"><i class=\"fa fa-home\"><\/i><\/div>\n                                    <h4>Osoite:<\/h4>\n                                    Kulloonm\u00e4entie 18<\/br>02940 Espoo                                 <\/li>\n                                                                <li>\n                                    <div class=\"icon\"><i class=\"fa fa-door-open\"><\/i><\/div>\n                                    <h4>Aukioloajat:<\/h4>\n                                    ma   &nbsp; &nbsp;   &nbsp; Suljettu<\/br>\nti-pe  &nbsp; 11.00-21.00<\/br>\nla-su &nbsp; 12.00-21.00<\/br>                                <\/li>\n                                                            <\/ul>\n                        <\/div>\n                    <\/div>\n                    <div class=\"col-lg-6 col-md-12 col-sm-12 form-column\">\n                                                <div class=\"form-inner\">\n                            <div class=\"shape\">\n                                <div class=\"shape-1\" style=\"background-image: url(https:\/\/tmcrea.fi\/aladdin-burger\/wp-content\/themes\/heritaste\/assets\/images\/shape\/shape-72.png);\"><\/div>\n                                <div class=\"shape-2\" style=\"background-image: url(https:\/\/tmcrea.fi\/aladdin-burger\/wp-content\/themes\/heritaste\/assets\/images\/shape\/shape-72.png);\"><\/div>\n                            <\/div>\n                            <h3>Ottaa yhteytt\u00e4<\/h3>                            \n<div class=\"wpcf7 no-js\" id=\"wpcf7-f758-o1\" lang=\"en-US\" dir=\"ltr\" data-wpcf7-id=\"758\">\n<div class=\"screen-reader-response\"><p role=\"status\" aria-live=\"polite\" aria-atomic=\"true\"><\/p> <ul><\/ul><\/div>\n<form action=\"\/aladdin-burger\/wp-json\/wp\/v2\/pages\/51#wpcf7-f758-o1\" method=\"post\" class=\"wpcf7-form init\" aria-label=\"Contact form\" novalidate=\"novalidate\" data-status=\"init\">\n<div style=\"display: none;\">\n<input type=\"hidden\" name=\"_wpcf7\" value=\"758\" \/>\n<input type=\"hidden\" name=\"_wpcf7_version\" value=\"6.0.1\" \/>\n<input type=\"hidden\" name=\"_wpcf7_locale\" value=\"en_US\" \/>\n<input type=\"hidden\" name=\"_wpcf7_unit_tag\" value=\"wpcf7-f758-o1\" \/>\n<input type=\"hidden\" name=\"_wpcf7_container_post\" value=\"0\" \/>\n<input type=\"hidden\" name=\"_wpcf7_posted_data_hash\" value=\"\" \/>\n<\/div>\n<div class=\"row clearfix\">\n\t<div class=\"col-lg-12 col-md-12 col-sm-12 form-group\">\n\t\t<p><span class=\"wpcf7-form-control-wrap\" data-name=\"text-121\"><input size=\"40\" maxlength=\"400\" class=\"wpcf7-form-control wpcf7-text wpcf7-validates-as-required\" aria-required=\"true\" aria-invalid=\"false\" placeholder=\"Nimesi\" value=\"\" type=\"text\" name=\"text-121\" \/><\/span>\n\t\t<\/p>\n\t<\/div>\n\t<div class=\"col-lg-12 col-md-12 col-sm-12 form-group\">\n\t\t<p><span class=\"wpcf7-form-control-wrap\" data-name=\"text-122\"><input size=\"40\" maxlength=\"400\" class=\"wpcf7-form-control wpcf7-text wpcf7-validates-as-required\" aria-required=\"true\" aria-invalid=\"false\" placeholder=\"Puheline\" value=\"\" type=\"text\" name=\"text-122\" \/><\/span>\n\t\t<\/p>\n\t<\/div>\n\t<div class=\"col-lg-12 col-md-12 col-sm-12 form-group\">\n\t\t<p><span class=\"wpcf7-form-control-wrap\" data-name=\"email-949\"><input size=\"40\" maxlength=\"400\" class=\"wpcf7-form-control wpcf7-email wpcf7-validates-as-required wpcf7-text wpcf7-validates-as-email\" aria-required=\"true\" aria-invalid=\"false\" placeholder=\"S\u00e4hk\u00f6posti\" value=\"\" type=\"email\" name=\"email-949\" \/><\/span>\n\t\t<\/p>\n\t<\/div>\n\t<div class=\"col-lg-12 col-md-12 col-sm-12 form-group\">\n\t\t<p><span class=\"wpcf7-form-control-wrap\" data-name=\"textarea-713\"><textarea cols=\"40\" rows=\"10\" maxlength=\"2000\" class=\"wpcf7-form-control wpcf7-textarea wpcf7-validates-as-required\" aria-required=\"true\" aria-invalid=\"false\" placeholder=\"Viesti\" name=\"textarea-713\"><\/textarea><\/span>\n\t\t<\/p>\n\t<\/div>\n\t<div class=\"col-lg-12 col-md-12 col-sm-12 form-group message-btn\">\n\t\t<p><button type=\"submit\" class=\"theme-btn-two\" name=\"submit-form\">L\u00e4hett\u00e4\u00e4<\/button>\n\t\t<\/p>\n\t<\/div>\n<\/div><div class=\"wpcf7-response-output\" aria-hidden=\"true\"><\/div>\n<\/form>\n<\/div>\n                        <\/div>\n                                            <\/div>\n                <\/div>\n            <\/div>\n        <\/section>\n        <!-- contact-section end -->\n                     \n        \t\t<\/div>\n\t\t\t\t<\/div>\n\t\t\t\t\t<\/div>\n\t\t<\/div>\n\t\t\t\t\t<\/div>\n\t\t<\/section>\n\t\t\t\t<\/div>\n\t\t","protected":false},"excerpt":{"rendered":"<p>Paikan p\u00e4\u00e4ll\u00e4 Kulloonm\u00e4entie 18, 02940 Espoo 050 595 8403 Send Mail Noudettuna Kulloonm\u00e4entie 18, 02940 Espoo 050 595 8403 Huom! Arvoisa asiakas, hinnat verkkosivustollamme eroavat Woltin hinnoista. Wolt Wolt delivers from the best restaurants and stores around you. Tilaa Woltilla Noutaa ruokaa Noudettaessa odotusaika on n. 20 min Soita ja tilaa 050 595 8403 L\u00f6yd\u00e4 [&hellip;]<\/p>\n","protected":false},"author":1,"featured_media":0,"parent":0,"menu_order":0,"comment_status":"closed","ping_status":"closed","template":"tpl-default-elementor.php","meta":{"footnotes":""},"class_list":["post-51","page","type-page","status-publish","hentry"],"_links":{"self":[{"href":"https:\/\/tmcrea.fi\/aladdin-burger\/wp-json\/wp\/v2\/pages\/51","targetHints":{"allow":["GET"]}}],"collection":[{"href":"https:\/\/tmcrea.fi\/aladdin-burger\/wp-json\/wp\/v2\/pages"}],"about":[{"href":"https:\/\/tmcrea.fi\/aladdin-burger\/wp-json\/wp\/v2\/types\/page"}],"author":[{"embeddable":true,"href":"https:\/\/tmcrea.fi\/aladdin-burger\/wp-json\/wp\/v2\/users\/1"}],"replies":[{"embeddable":true,"href":"https:\/\/tmcrea.fi\/aladdin-burger\/wp-json\/wp\/v2\/comments?post=51"}],"version-history":[{"count":108,"href":"https:\/\/tmcrea.fi\/aladdin-burger\/wp-json\/wp\/v2\/pages\/51\/revisions"}],"predecessor-version":[{"id":2707,"href":"https:\/\/tmcrea.fi\/aladdin-burger\/wp-json\/wp\/v2\/pages\/51\/revisions\/2707"}],"wp:attachment":[{"href":"https:\/\/tmcrea.fi\/aladdin-burger\/wp-json\/wp\/v2\/media?parent=51"}],"curies":[{"name":"wp","href":"https:\/\/api.w.org\/{rel}","templated":true}]}}