{"id":3163,"date":"2025-07-12T15:51:27","date_gmt":"2025-07-12T12:51:27","guid":{"rendered":"https:\/\/tmcrea.fi\/mrsweet\/?post_type=product&#038;p=3163"},"modified":"2025-07-19T03:08:10","modified_gmt":"2025-07-19T00:08:10","slug":"shakar-lama","status":"publish","type":"product","link":"https:\/\/tmcrea.fi\/mrsweet\/tuote\/shakar-lama\/","title":{"rendered":"Shakar Lama\/kg"},"content":{"rendered":"<div class=\"product_desc-row\">\n<div class=\"product_desc-img\"><a href=\"https:\/\/tmcrea.fi\/mrsweet\/wp-content\/uploads\/2025\/07\/shakar-lama.jpg\"><img fetchpriority=\"high\" decoding=\"async\" class=\"alignnone wp-image-3553 size-full\" src=\"https:\/\/tmcrea.fi\/mrsweet\/wp-content\/uploads\/2025\/07\/shakar-lama.jpg\" alt=\"\" width=\"600\" height=\"600\" \/><\/a><\/div>\n<div class=\"product_desc-desc\">\n<h3>Ainekset:<\/h3>\n<p>Vehn\u00e4jauho, tumma sokeri, kirkastettu kasvirasva, kirkastettu voi, p\u00e4hkin\u00e4.<\/p>\n<h3>Ingredienser:<\/h3>\n<p>Vetemj\u00f6l, brunt socker, klarat vegetabiliskt fett, klarat sm\u00f6r, n\u00f6tter.<\/p>\n<\/div>\n<\/div>\n","protected":false},"excerpt":{"rendered":"<p>Kilohinta<\/p>\n<h3>Ainekset:<\/h3>\n<p>Vehn\u00e4jauho, tumma sokeri, kirkastettu kasvirasva, kirkastettu voi, p\u00e4hkin\u00e4.<\/p>\n<h3>Ingredienser:<\/h3>\n<p>Vetemj\u00f6l, brunt socker, klarat vegetabiliskt fett, klarat sm\u00f6r, n\u00f6tter.<\/p>\n","protected":false},"featured_media":3553,"template":"","meta":[],"product_brand":[],"product_cat":[56],"product_tag":[75,74],"class_list":{"0":"post-3163","1":"product","2":"type-product","3":"status-publish","4":"has-post-thumbnail","6":"product_cat-muut","7":"product_tag-pahkina","8":"product_tag-shakar-lama","10":"first","11":"instock","12":"shipping-taxable","13":"purchasable","14":"product-type-simple"},"_links":{"self":[{"href":"https:\/\/tmcrea.fi\/mrsweet\/wp-json\/wp\/v2\/product\/3163","targetHints":{"allow":["GET"]}}],"collection":[{"href":"https:\/\/tmcrea.fi\/mrsweet\/wp-json\/wp\/v2\/product"}],"about":[{"href":"https:\/\/tmcrea.fi\/mrsweet\/wp-json\/wp\/v2\/types\/product"}],"wp:featuredmedia":[{"embeddable":true,"href":"https:\/\/tmcrea.fi\/mrsweet\/wp-json\/wp\/v2\/media\/3553"}],"wp:attachment":[{"href":"https:\/\/tmcrea.fi\/mrsweet\/wp-json\/wp\/v2\/media?parent=3163"}],"wp:term":[{"taxonomy":"product_brand","embeddable":true,"href":"https:\/\/tmcrea.fi\/mrsweet\/wp-json\/wp\/v2\/product_brand?post=3163"},{"taxonomy":"product_cat","embeddable":true,"href":"https:\/\/tmcrea.fi\/mrsweet\/wp-json\/wp\/v2\/product_cat?post=3163"},{"taxonomy":"product_tag","embeddable":true,"href":"https:\/\/tmcrea.fi\/mrsweet\/wp-json\/wp\/v2\/product_tag?post=3163"}],"curies":[{"name":"wp","href":"https:\/\/api.w.org\/{rel}","templated":true}]}}