{"id":3194,"date":"2025-07-12T15:51:31","date_gmt":"2025-07-12T12:51:31","guid":{"rendered":"https:\/\/tmcrea.fi\/mrsweet\/?post_type=product&#038;p=3194"},"modified":"2025-07-19T03:14:13","modified_gmt":"2025-07-19T00:14:13","slug":"burma-saksanpahkina","status":"publish","type":"product","link":"https:\/\/tmcrea.fi\/mrsweet\/tuote\/burma-saksanpahkina\/","title":{"rendered":"Burma &#8211; Saksanp\u00e4hkin\u00e4\/kg"},"content":{"rendered":"<div class=\"product_desc-row\">\n<div class=\"product_desc-img\"><a href=\"https:\/\/tmcrea.fi\/mrsweet\/wp-content\/uploads\/2025\/07\/burma-saksanpahkina.jpg\"><img fetchpriority=\"high\" decoding=\"async\" class=\"alignnone wp-image-3542 size-full\" src=\"https:\/\/tmcrea.fi\/mrsweet\/wp-content\/uploads\/2025\/07\/burma-saksanpahkina.jpg\" alt=\"\" width=\"600\" height=\"600\" \/><\/a><\/div>\n<div class=\"product_desc-desc\">\n<h3>Ainekset:<\/h3>\n<p>Vehn\u00e4jauho, ruoka\u00f6ljy, sitruunahappo, maissit\u00e4rkkelys, suola, kardemumma, kirkastettu kasvirasva, kirkastettu voi, sokeri, t\u00e4rkkelyssiirappi ja saksanp\u00e4hkin\u00e4t.<\/p>\n<h3>Ingredienser:<\/h3>\n<p>Vetemj\u00f6l, matolja, citronsyra, majsst\u00e4rkelse, salt, kardemumma, klarat vegetabiliskt fett, klarat sm\u00f6r,\u00a0 socker, st\u00e4rkelsesirap och valn\u00f6tter.<\/p>\n<\/div>\n<\/div>\n","protected":false},"excerpt":{"rendered":"<p>Kilohinta<\/p>\n<h3>Ainekset:<\/h3>\n<p>Vehn\u00e4jauho, ruoka\u00f6ljy, sitruunahappo, maissit\u00e4rkkelys, suola, kardemumma, kirkastettu kasvirasva, kirkastettu voi, sokeri, t\u00e4rkkelyssiirappi ja saksanp\u00e4hkin\u00e4t.<\/p>\n<h3>Ingredienser:<\/h3>\n<p>Vetemj\u00f6l, matolja, citronsyra, majsst\u00e4rkelse, salt, kardemumma, klarat vegetabiliskt fett, klarat sm\u00f6r,\u00a0 socker, st\u00e4rkelsesirap och valn\u00f6tter.<\/p>\n","protected":false},"featured_media":3542,"template":"","meta":[],"product_brand":[],"product_cat":[38],"product_tag":[67,63],"class_list":{"0":"post-3194","1":"product","2":"type-product","3":"status-publish","4":"has-post-thumbnail","6":"product_cat-burma","7":"product_tag-burma","8":"product_tag-saksanpahkina","10":"first","11":"instock","12":"shipping-taxable","13":"purchasable","14":"product-type-simple"},"_links":{"self":[{"href":"https:\/\/tmcrea.fi\/mrsweet\/wp-json\/wp\/v2\/product\/3194","targetHints":{"allow":["GET"]}}],"collection":[{"href":"https:\/\/tmcrea.fi\/mrsweet\/wp-json\/wp\/v2\/product"}],"about":[{"href":"https:\/\/tmcrea.fi\/mrsweet\/wp-json\/wp\/v2\/types\/product"}],"wp:featuredmedia":[{"embeddable":true,"href":"https:\/\/tmcrea.fi\/mrsweet\/wp-json\/wp\/v2\/media\/3542"}],"wp:attachment":[{"href":"https:\/\/tmcrea.fi\/mrsweet\/wp-json\/wp\/v2\/media?parent=3194"}],"wp:term":[{"taxonomy":"product_brand","embeddable":true,"href":"https:\/\/tmcrea.fi\/mrsweet\/wp-json\/wp\/v2\/product_brand?post=3194"},{"taxonomy":"product_cat","embeddable":true,"href":"https:\/\/tmcrea.fi\/mrsweet\/wp-json\/wp\/v2\/product_cat?post=3194"},{"taxonomy":"product_tag","embeddable":true,"href":"https:\/\/tmcrea.fi\/mrsweet\/wp-json\/wp\/v2\/product_tag?post=3194"}],"curies":[{"name":"wp","href":"https:\/\/api.w.org\/{rel}","templated":true}]}}