{"id":3197,"date":"2025-07-12T15:51:31","date_gmt":"2025-07-12T12:51:31","guid":{"rendered":"https:\/\/tmcrea.fi\/mrsweet\/?post_type=product&#038;p=3197"},"modified":"2025-07-17T20:49:35","modified_gmt":"2025-07-17T17:49:35","slug":"burma-vihrea","status":"publish","type":"product","link":"https:\/\/tmcrea.fi\/mrsweet\/tuote\/burma-vihrea\/","title":{"rendered":"Burma &#8211; Vihre\u00e4"},"content":{"rendered":"<div class=\"product_desc-row\">\n<div class=\"product_desc-img\"><a href=\"https:\/\/tmcrea.fi\/mrsweet\/wp-content\/uploads\/2025\/07\/burma-vihrea.jpg\"><img fetchpriority=\"high\" decoding=\"async\" class=\"alignnone wp-image-3534 size-full\" src=\"https:\/\/tmcrea.fi\/mrsweet\/wp-content\/uploads\/2025\/07\/burma-vihrea.jpg\" alt=\"\" width=\"600\" height=\"600\" \/><\/a><\/div>\n<div class=\"product_desc-desc\">\n<h3>Ainekset:<\/h3>\n<p>Vehn\u00e4jauho, ruoka\u00f6ljy, sitruunahappo, maissit\u00e4rkkelys, suola, kardemumma, kirkastettu kasvirasva, kirkastettu voi, vihre\u00e4 v\u00e4ri, sokeri, t\u00e4rkkelyssiirappi ja pistaasip\u00e4hkin\u00f6it\u00e4.<\/p>\n<h3>Ingredienser:<\/h3>\n<p>Vetemj\u00f6l, matolja, citronsyra, majsst\u00e4rkelse, salt, kardemumma, klarat vegetabiliskt fett, klarat sm\u00f6r, gr\u00f6n f\u00e4rg, socker, st\u00e4rkelsesirap och pistagen\u00f6tter.<\/p>\n<\/div>\n<\/div>\n","protected":false},"excerpt":{"rendered":"<p>Kilohinta<\/p>\n<h3>Ainekset:<\/h3>\n<p>Vehn\u00e4jauho, ruoka\u00f6ljy, sitruunahappo, maissit\u00e4rkkelys, suola, kardemumma, kirkastettu kasvirasva, kirkastettu voi, vihre\u00e4 v\u00e4ri, sokeri, t\u00e4rkkelyssiirappi ja pistaasip\u00e4hkin\u00f6it\u00e4.<\/p>\n<h3>Ingredienser:<\/h3>\n<p>Vetemj\u00f6l, matolja, citronsyra, majsst\u00e4rkelse, salt, kardemumma, klarat vegetabiliskt fett, klarat sm\u00f6r, gr\u00f6n f\u00e4rg, socker, st\u00e4rkelsesirap och pistagen\u00f6tter.<\/p>\n","protected":false},"featured_media":3534,"template":"","meta":[],"product_brand":[],"product_cat":[38],"product_tag":[67,60,68],"class_list":{"0":"post-3197","1":"product","2":"type-product","3":"status-publish","4":"has-post-thumbnail","6":"product_cat-burma","7":"product_tag-burma","8":"product_tag-pistaasi","9":"product_tag-vihrea","11":"first","12":"instock","13":"shipping-taxable","14":"purchasable","15":"product-type-simple"},"_links":{"self":[{"href":"https:\/\/tmcrea.fi\/mrsweet\/wp-json\/wp\/v2\/product\/3197","targetHints":{"allow":["GET"]}}],"collection":[{"href":"https:\/\/tmcrea.fi\/mrsweet\/wp-json\/wp\/v2\/product"}],"about":[{"href":"https:\/\/tmcrea.fi\/mrsweet\/wp-json\/wp\/v2\/types\/product"}],"wp:featuredmedia":[{"embeddable":true,"href":"https:\/\/tmcrea.fi\/mrsweet\/wp-json\/wp\/v2\/media\/3534"}],"wp:attachment":[{"href":"https:\/\/tmcrea.fi\/mrsweet\/wp-json\/wp\/v2\/media?parent=3197"}],"wp:term":[{"taxonomy":"product_brand","embeddable":true,"href":"https:\/\/tmcrea.fi\/mrsweet\/wp-json\/wp\/v2\/product_brand?post=3197"},{"taxonomy":"product_cat","embeddable":true,"href":"https:\/\/tmcrea.fi\/mrsweet\/wp-json\/wp\/v2\/product_cat?post=3197"},{"taxonomy":"product_tag","embeddable":true,"href":"https:\/\/tmcrea.fi\/mrsweet\/wp-json\/wp\/v2\/product_tag?post=3197"}],"curies":[{"name":"wp","href":"https:\/\/api.w.org\/{rel}","templated":true}]}}