{"id":3210,"date":"2025-07-12T15:51:33","date_gmt":"2025-07-12T12:51:33","guid":{"rendered":"https:\/\/tmcrea.fi\/mrsweet\/?post_type=product&#038;p=3210"},"modified":"2025-07-19T03:11:59","modified_gmt":"2025-07-19T00:11:59","slug":"baklava-suklaa","status":"publish","type":"product","link":"https:\/\/tmcrea.fi\/mrsweet\/tuote\/baklava-suklaa\/","title":{"rendered":"Baklava &#8211; Suklaa\/kg"},"content":{"rendered":"<div class=\"product_desc-row\">\n<div class=\"product_desc-img\"><a href=\"https:\/\/tmcrea.fi\/mrsweet\/wp-content\/uploads\/2025\/07\/baklava-suklaa.jpg\"><img fetchpriority=\"high\" decoding=\"async\" class=\"alignnone wp-image-3513 size-full\" src=\"https:\/\/tmcrea.fi\/mrsweet\/wp-content\/uploads\/2025\/07\/baklava-suklaa.jpg\" alt=\"\" width=\"600\" height=\"600\" \/><\/a><\/div>\n<div class=\"product_desc-desc\">\n<h3>Ainekset:<\/h3>\n<p data-start=\"160\" data-end=\"326\">Vehn\u00e4jauho, ruoka\u00f6ljy, sitruunahappo, maissit\u00e4rkkelys, suola, kaakaojauhe, Nutella, kirkastettu kasvirasva, kirkastettu voi, sokeri, t\u00e4rkkelyssiirappi ja hasselp\u00e4hkin\u00e4.<\/p>\n<h3>Ingredienser:<\/h3>\n<p data-start=\"160\" data-end=\"326\">Vetemj\u00f6l, matolja, citronsyra, majsst\u00e4rkelse, salt, kakaopulver, Nutella, klarat vegetabiliskt fett, klarat sm\u00f6r, socker, st\u00e4rkelsesirap och hasseln\u00f6t.<\/p>\n<\/div>\n<\/div>\n","protected":false},"excerpt":{"rendered":"<p>Kilohinta<\/p>\n<h3>Ainekset:<\/h3>\n<p>Vehn\u00e4jauho, ruoka\u00f6ljy, sitruunahappo, maissit\u00e4rkkelys, suola, kaakaojauhe, Nutella, kirkastettu kasvirasva, kirkastettu voi, sokeri, t\u00e4rkkelyssiirappi ja hasselp\u00e4hkin\u00e4.<\/p>\n<h3>Ingredienser:<\/h3>\n<p>Vetemj\u00f6l, matolja, citronsyra, majsst\u00e4rkelse, salt, kakaopulver, Nutella, klarat vegetabiliskt fett, klarat sm\u00f6r, socker, st\u00e4rkelsesirap och hasseln\u00f6t.<\/p>\n","protected":false},"featured_media":3513,"template":"","meta":[],"product_brand":[],"product_cat":[34],"product_tag":[58,59],"class_list":{"0":"post-3210","1":"product","2":"type-product","3":"status-publish","4":"has-post-thumbnail","6":"product_cat-baklava","7":"product_tag-baklava","8":"product_tag-suklaa","10":"first","11":"instock","12":"shipping-taxable","13":"purchasable","14":"product-type-simple"},"_links":{"self":[{"href":"https:\/\/tmcrea.fi\/mrsweet\/wp-json\/wp\/v2\/product\/3210","targetHints":{"allow":["GET"]}}],"collection":[{"href":"https:\/\/tmcrea.fi\/mrsweet\/wp-json\/wp\/v2\/product"}],"about":[{"href":"https:\/\/tmcrea.fi\/mrsweet\/wp-json\/wp\/v2\/types\/product"}],"wp:featuredmedia":[{"embeddable":true,"href":"https:\/\/tmcrea.fi\/mrsweet\/wp-json\/wp\/v2\/media\/3513"}],"wp:attachment":[{"href":"https:\/\/tmcrea.fi\/mrsweet\/wp-json\/wp\/v2\/media?parent=3210"}],"wp:term":[{"taxonomy":"product_brand","embeddable":true,"href":"https:\/\/tmcrea.fi\/mrsweet\/wp-json\/wp\/v2\/product_brand?post=3210"},{"taxonomy":"product_cat","embeddable":true,"href":"https:\/\/tmcrea.fi\/mrsweet\/wp-json\/wp\/v2\/product_cat?post=3210"},{"taxonomy":"product_tag","embeddable":true,"href":"https:\/\/tmcrea.fi\/mrsweet\/wp-json\/wp\/v2\/product_tag?post=3210"}],"curies":[{"name":"wp","href":"https:\/\/api.w.org\/{rel}","templated":true}]}}