{"id":1961,"date":"2024-05-13T16:18:37","date_gmt":"2024-05-13T16:18:37","guid":{"rendered":"https:\/\/tmcrea.fi\/nokiandoner\/?page_id=1961"},"modified":"2024-07-26T09:36:50","modified_gmt":"2024-07-26T09:36:50","slug":"classic-pizzat","status":"publish","type":"page","link":"https:\/\/tmcrea.fi\/nokiandoner\/","title":{"rendered":"Classic Pizzat"},"content":{"rendered":"\t\t<div data-elementor-type=\"wp-page\" data-elementor-id=\"1961\" class=\"elementor elementor-1961\">\n\t\t\t\t\t\t<section class=\"elementor-section elementor-top-section elementor-element elementor-element-dd69ac3 elementor-section-full_width elementor-section-height-default elementor-section-height-default\" data-id=\"dd69ac3\" data-element_type=\"section\">\n\t\t\t\t\t\t<div class=\"elementor-container elementor-column-gap-default\">\n\t\t\t\t\t<div class=\"elementor-column elementor-col-100 elementor-top-column elementor-element elementor-element-151ea31\" data-id=\"151ea31\" data-element_type=\"column\">\n\t\t\t<div class=\"elementor-widget-wrap\">\n\t\t\t\t\t\t\t<\/div>\n\t\t<\/div>\n\t\t\t\t\t<\/div>\n\t\t<\/section>\n\t\t\t\t<section class=\"elementor-section elementor-top-section elementor-element elementor-element-871dd87 elementor-section-full_width elementor-section-height-default elementor-section-height-default\" data-id=\"871dd87\" data-element_type=\"section\">\n\t\t\t\t\t\t<div class=\"elementor-container elementor-column-gap-default\">\n\t\t\t\t\t<div class=\"elementor-column elementor-col-100 elementor-top-column elementor-element elementor-element-9a5ddd1\" data-id=\"9a5ddd1\" data-element_type=\"column\">\n\t\t\t<div class=\"elementor-widget-wrap\">\n\t\t\t\t\t\t\t<\/div>\n\t\t<\/div>\n\t\t\t\t\t<\/div>\n\t\t<\/section>\n\t\t\t\t<section class=\"elementor-section elementor-top-section elementor-element elementor-element-0d57bff elementor-section-full_width elementor-section-height-default elementor-section-height-default\" data-id=\"0d57bff\" data-element_type=\"section\">\n\t\t\t\t\t\t<div class=\"elementor-container elementor-column-gap-default\">\n\t\t\t\t\t<div class=\"elementor-column elementor-col-100 elementor-top-column elementor-element elementor-element-97c0af1\" data-id=\"97c0af1\" data-element_type=\"column\">\n\t\t\t<div class=\"elementor-widget-wrap\">\n\t\t\t\t\t\t\t<\/div>\n\t\t<\/div>\n\t\t\t\t\t<\/div>\n\t\t<\/section>\n\t\t\t\t<section class=\"elementor-section elementor-top-section elementor-element elementor-element-239f953 elementor-section-full_width elementor-section-height-default elementor-section-height-default\" data-id=\"239f953\" data-element_type=\"section\">\n\t\t\t\t\t\t<div class=\"elementor-container elementor-column-gap-default\">\n\t\t\t\t\t<div class=\"elementor-column elementor-col-100 elementor-top-column elementor-element elementor-element-758ae93\" data-id=\"758ae93\" data-element_type=\"column\">\n\t\t\t<div class=\"elementor-widget-wrap\">\n\t\t\t\t\t\t\t<\/div>\n\t\t<\/div>\n\t\t\t\t\t<\/div>\n\t\t<\/section>\n\t\t\t\t<section class=\"elementor-section elementor-top-section elementor-element elementor-element-f51c7fe elementor-section-full_width elementor-section-height-default elementor-section-height-default\" data-id=\"f51c7fe\" data-element_type=\"section\">\n\t\t\t\t\t\t<div class=\"elementor-container elementor-column-gap-default\">\n\t\t\t\t\t<div class=\"elementor-column elementor-col-100 elementor-top-column elementor-element elementor-element-5a87d4b\" data-id=\"5a87d4b\" data-element_type=\"column\">\n\t\t\t<div class=\"elementor-widget-wrap\">\n\t\t\t\t\t\t\t<\/div>\n\t\t<\/div>\n\t\t\t\t\t<\/div>\n\t\t<\/section>\n\t\t\t\t<section class=\"elementor-section elementor-top-section elementor-element elementor-element-e9405bf elementor-section-full_width elementor-section-height-default elementor-section-height-default\" data-id=\"e9405bf\" data-element_type=\"section\">\n\t\t\t\t\t\t<div class=\"elementor-container elementor-column-gap-default\">\n\t\t\t\t\t<div class=\"elementor-column elementor-col-100 elementor-top-column elementor-element elementor-element-b97931c\" data-id=\"b97931c\" data-element_type=\"column\">\n\t\t\t<div class=\"elementor-widget-wrap elementor-element-populated\">\n\t\t\t\t\t\t<div class=\"elementor-element elementor-element-d9afca2 elementor-widget elementor-widget-heritaste_banner_v5\" data-id=\"d9afca2\" data-element_type=\"widget\" data-widget_type=\"heritaste_banner_v5.default\">\n\t\t\t\t<div class=\"elementor-widget-container\">\n\t\t\t    \n    <!-- banner-section -->\n    <section class=\"banner-style-five\">\n        <div class=\"banner-carousel owl-theme owl-carousel owl-dots-none\">\n                        <div class=\"slide-item style-two\">\n                                <div class=\"image-layer\" style=\"background-image:url(https:\/\/tmcrea.fi\/nokiandoner\/wp-content\/uploads\/2024\/07\/online-tilaukset.jpg)\"><\/div>\n                                <div class=\"auto-container\">\n                    <div class=\"content-box\">\n                        <span class=\"special-font\">Nokian D\u00f6ner<\/span>\n                        <h2>Verkkotilaukset <\/br> (Tilaa Online)<\/h2>\n                        <p>Kun tilaat kotisivun tai sovelluksen <\/br> kautta kotiinkuljetus on ilmainen <\/br> yli 15 euron tilauksille!<\/p>\n                                                <div class=\"btn-box\">\n                            <a href=\"https:\/\/tmcrea.fi\/nokiandoner\/verkkotilaukset\/\" class=\"theme-btn-two\">Tilaa verkosta (Tilaa Online)<\/a>\n                        <\/div>\n                                            <\/div>  \n                <\/div>\n            <\/div>\n                        <div class=\"slide-item \">\n                                <div class=\"image-layer\" style=\"background-image:url(https:\/\/tmcrea.fi\/nokiandoner\/wp-content\/uploads\/2024\/05\/nokian-doner-pizzat-e1716132577859.jpg)\"><\/div>\n                                <div class=\"auto-container\">\n                    <div class=\"content-box\">\n                        <span class=\"special-font\">Aito d\u00f6ner<\/span>\n                        <h2>Nokian D\u00f6ner<\/h2>\n                        <p>Herkullisuus hypp\u00e4\u00e4 suuhun<\/p>\n                                            <\/div>  \n                <\/div>\n            <\/div>\n                        <div class=\"slide-item \">\n                                <div class=\"image-layer\" style=\"background-image:url(https:\/\/tmcrea.fi\/nokiandoner\/wp-content\/uploads\/2024\/05\/nokian-doner-pizzat02-e1716132512330.jpg)\"><\/div>\n                                <div class=\"auto-container\">\n                    <div class=\"content-box\">\n                        <span class=\"special-font\">Tervetuloa<\/span>\n                        <h2>Hyv\u00e4 ruoka<br \/>antaa<br \/> hyv\u00e4n mielen<\/h2>\n                        <p>Olemme erikoistuneet l\u00e4hi-id\u00e4n keitti\u00f6n. <br \/>Keitti\u00f6ss\u00e4mme meill\u00e4 on tiimi ammattilaisia pikaruokaan erikoistuneita kokkeja.<\/p>\n                                            <\/div>  \n                <\/div>\n            <\/div>\n                        <div class=\"slide-item \">\n                                <div class=\"image-layer\" style=\"background-image:url(https:\/\/tmcrea.fi\/nokiandoner\/wp-content\/uploads\/2024\/05\/nokian-doner-pizzat07-e1716132470567.jpg)\"><\/div>\n                                <div class=\"auto-container\">\n                    <div class=\"content-box\">\n                        <span class=\"special-font\">Toimitusehto<\/span>\n                        <h2>Foodora tai Wolt<br \/> toimittaa kaikki kotiinkuljetukset<\/h2>\n                        <p>Tutustu meid\u00e4n erikoisruoka ja sen <br \/> ja valikoi itsellesi maistuva annos, <br \/>niin pieneen kuin suureenkin n\u00e4lk\u00e4\u00e4n.<\/p>\n                                            <\/div>  \n                <\/div>\n            <\/div>\n                    <\/div>\n    <\/section>\n    <!-- banner-section end -->\n        \n        \t\t<\/div>\n\t\t\t\t<\/div>\n\t\t\t\t<div class=\"elementor-element elementor-element-1c3fbf7 elementor-widget elementor-widget-heritaste_menu_section_v5\" data-id=\"1c3fbf7\" data-element_type=\"widget\" data-widget_type=\"heritaste_menu_section_v5.default\">\n\t\t\t\t<div class=\"elementor-widget-container\">\n\t\t\t    \n    <!-- menu-style-five -->\n    <section class=\"menu-style-five white-bg\">\n        <div class=\"outer-container\">\n            <div class=\"sec-title light centred\">\n                                <div class=\"title-shape\">\n                    <div class=\"shape-1\" style=\"background-image: url(https:\/\/tmcrea.fi\/nokiandoner\/wp-content\/themes\/heritaste\/assets\/images\/shape\/shape-46.png);\"><\/div>\n                    <div class=\"shape-2\" style=\"background-image: url(https:\/\/tmcrea.fi\/nokiandoner\/wp-content\/themes\/heritaste\/assets\/images\/shape\/shape-47.png);\"><\/div>\n                <\/div>\n                                <span class=\"sub-title\">Nokia D\u00f6ner<\/span>                <h2>Classic Pizzat<\/h2>            <\/div>\n            <div data-animation-box class=\"menu-content\">\n                                <div class=\"image-box-one\">\n                    <div class=\"image-shape\" style=\"background-image: url(https:\/\/tmcrea.fi\/nokiandoner\/wp-content\/themes\/heritaste\/assets\/images\/shape\/shape-48.png);\"><\/div>\n                    <figure data-animation-text class=\"overlay-anim-black-bg image\" data-animation=\"overlay-animation\"><img decoding=\"async\" src=\"https:\/\/tmcrea.fi\/nokiandoner\/wp-content\/uploads\/2024\/05\/nokian-clasic-pizzat02-1.jpg\" alt=\"Awesome Image\"><\/figure>\n                <\/div>\n                                <div class=\"content-box\">\n                    <div class=\"inner-box\">                        \n                                                <div class=\"single-item\">\n                            <h3><a href=\"\">1. Bolognese<\/a><\/h3>\n                            <p>jauheliha<\/p>\n                            <h5>\u20ac12,00 - Perhe \u20ac20,50<\/h5>\n                        <\/div>\n                                                <div class=\"single-item\">\n                            <h3><a href=\"\">2. Tropicana<\/a><\/h3>\n                            <p>kinkku, ananas<\/p>\n                            <h5>\u20ac12,00 - Perhe \u20ac20,50<\/h5>\n                        <\/div>\n                                                <div class=\"single-item\">\n                            <h3><a href=\"\">3. Kebab pizza<\/a><\/h3>\n                            <p>kebab, tomaatti, sipuli<\/p>\n                            <h5>\u20ac13,00 - Perhe \u20ac21,50<\/h5>\n                        <\/div>\n                                                <div class=\"single-item\">\n                            <h3><a href=\"\">4. Americano<\/a><\/h3>\n                            <p>kinkku, ananas, aurajuusto<\/p>\n                            <h5>\u20ac13,00 - Perhe \u20ac21,50<\/h5>\n                        <\/div>\n                                                <div class=\"single-item\">\n                            <h3><a href=\"\">5. Pizza Hawaiji<\/a><\/h3>\n                            <p>paahdettu broileri, aurajuusto, ananas<\/p>\n                            <h5>\u20ac13,00 - Perhe \u20ac21,50<\/h5>\n                        <\/div>\n                                                <div class=\"single-item\">\n                            <h3><a href=\"\">6. Opera<\/a><\/h3>\n                            <p>kinkku, salami, tonnikala<\/p>\n                            <h5>\u20ac13,00 - Perhe \u20ac21,50<\/h5>\n                        <\/div>\n                                                <div class=\"single-item\">\n                            <h3><a href=\"\">7. Dillinger<\/a><\/h3>\n                            <p>jauheliha, kinkku, salami, sipuli<\/p>\n                            <h5>\u20ac13,40 - Perhe \u20ac22,50<\/h5>\n                        <\/div>\n                                                <div class=\"single-item\">\n                            <h3><a href=\"\">8. Julia<\/a><\/h3>\n                            <p>kinkku, katkarapu, aurajuusto, ananas<\/p>\n                            <h5>\u20ac13,40 - Perhe \u20ac22,50<\/h5>\n                        <\/div>\n                                                <div class=\"single-item\">\n                            <h3><a href=\"\">9. Viking Boat<\/a><\/h3>\n                            <p>kebab, tomaatti, sipuli, turkinpippuri<\/p>\n                            <h5>\u20ac13,40 - Perhe \u20ac22,50<\/h5>\n                        <\/div>\n                                                <div class=\"single-item\">\n                            <h3><a href=\"\">10. Vegetariana<\/a><\/h3>\n                            <p>herkkusieni, paprika, tomaatti, paprika<\/p>\n                            <h5>\u20ac13,40 - Perhe \u20ac22,50<\/h5>\n                        <\/div>\n                                                <div class=\"single-item\">\n                            <h3><a href=\"\">11. Quattro Stagioni<\/a><\/h3>\n                            <p>herkkusieni, kinkku, katkarapu, tonnikala<\/p>\n                            <h5>\u20ac13,40 - Perhe \u20ac22,50<\/h5>\n                        <\/div>\n                                                <div class=\"single-item\">\n                            <h3><a href=\"\">12. Fantasia<\/a><\/h3>\n                            <p>1-2 t\u00e4ytett\u00e4 valintasi mukaan<\/p>\n                            <h5>\u20ac13,50 - Perhe \u20ac21,50<\/h5>\n                        <\/div>\n                                                <div class=\"single-item\">\n                            <h3><a href=\"\">13. Fantasia<\/a><\/h3>\n                            <p>max 4 t\u00e4ytett\u00e4 valintasi mukaan<\/p>\n                            <h5>\u20ac13,50 - Perhe \u20ac23,50<\/h5>\n                        <\/div>\n                                            <\/div>\n                    <div class=\"lower-box clearfix\">\n                                                                        <ul class=\"rating clearfix pull-right\">\n                            <li><img decoding=\"async\" src=\"https:\/\/tmcrea.fi\/nokiandoner\/wp-content\/themes\/heritaste\/assets\/images\/icons\/icon-1.png\" alt=\"Awesome Image\"><\/li>\n                            <li><img decoding=\"async\" src=\"https:\/\/tmcrea.fi\/nokiandoner\/wp-content\/themes\/heritaste\/assets\/images\/icons\/icon-1.png\" alt=\"Awesome Image\"><\/li>\n                            <li><img decoding=\"async\" src=\"https:\/\/tmcrea.fi\/nokiandoner\/wp-content\/themes\/heritaste\/assets\/images\/icons\/icon-1.png\" alt=\"Awesome Image\"><\/li>\n                        <\/ul>\n                                            <\/div>\n                <\/div>\n                <div class=\"image-box-two\">\n                                                            <figure data-animation-text class=\"overlay-anim-black-bg image\" data-animation=\"overlay-animation\"><img decoding=\"async\" src=\"https:\/\/tmcrea.fi\/nokiandoner\/wp-content\/uploads\/2024\/05\/nokian-clasic-pizzat-1.jpg\" alt=\"Awesome Image\"><\/figure>\n                \t                <\/div>\n            <\/div>\n        <\/div>\n    <\/section>\n    <!-- menu-style-five end -->\n        \n        \t\t<\/div>\n\t\t\t\t<\/div>\n\t\t\t\t<div class=\"elementor-element elementor-element-2acda42 elementor-widget elementor-widget-heritaste_menu_section_v5\" data-id=\"2acda42\" data-element_type=\"widget\" data-widget_type=\"heritaste_menu_section_v5.default\">\n\t\t\t\t<div class=\"elementor-widget-container\">\n\t\t\t    \n    <!-- menu-style-five -->\n    <section class=\"menu-style-five white-bg\">\n        <div class=\"outer-container\">\n            <div class=\"sec-title light centred\">\n                                <div class=\"title-shape\">\n                    <div class=\"shape-1\" style=\"background-image: url(https:\/\/tmcrea.fi\/nokiandoner\/wp-content\/themes\/heritaste\/assets\/images\/shape\/shape-46.png);\"><\/div>\n                    <div class=\"shape-2\" style=\"background-image: url(https:\/\/tmcrea.fi\/nokiandoner\/wp-content\/themes\/heritaste\/assets\/images\/shape\/shape-47.png);\"><\/div>\n                <\/div>\n                                <span class=\"sub-title\">Nokia D\u00f6ner<\/span>                <h2>Classic lis\u00e4t\u00e4ytteet<\/h2>            <\/div>\n            <div data-animation-box class=\"menu-content\">\n                                <div class=\"image-box-one\">\n                    <div class=\"image-shape\" style=\"background-image: url(https:\/\/tmcrea.fi\/nokiandoner\/wp-content\/themes\/heritaste\/assets\/images\/shape\/shape-48.png);\"><\/div>\n                    <figure data-animation-text class=\"overlay-anim-black-bg image\" data-animation=\"overlay-animation\"><img decoding=\"async\" src=\"https:\/\/tmcrea.fi\/nokiandoner\/wp-content\/uploads\/2024\/05\/classic-lisataytteet-nokian-doner.jpg\" alt=\"Awesome Image\"><\/figure>\n                <\/div>\n                                <div class=\"content-box\">\n                    <div class=\"inner-box\">                        \n                                                <div class=\"single-item\">\n                            <h3><a href=\"\">Lis\u00e4t\u00e4ytteet  Norm. 1,50\u20ac \/ Perhe 3\u20ac<\/a><\/h3>\n                            <p>kinkku, simpukka, kebabliha, herkkusieni, pepperonimakkara, pekoni, tomaatti, rucola, salami, paprika, aurinkokuivattu tomaatti, kanakuutio, ananas, jalapeno, ...<\/p>\n                            <h5><\/h5>\n                        <\/div>\n                                            <\/div>\n                    <div class=\"lower-box clearfix\">\n                                                                        <ul class=\"rating clearfix pull-right\">\n                            <li><img decoding=\"async\" src=\"https:\/\/tmcrea.fi\/nokiandoner\/wp-content\/themes\/heritaste\/assets\/images\/icons\/icon-1.png\" alt=\"Awesome Image\"><\/li>\n                            <li><img decoding=\"async\" src=\"https:\/\/tmcrea.fi\/nokiandoner\/wp-content\/themes\/heritaste\/assets\/images\/icons\/icon-1.png\" alt=\"Awesome Image\"><\/li>\n                            <li><img decoding=\"async\" src=\"https:\/\/tmcrea.fi\/nokiandoner\/wp-content\/themes\/heritaste\/assets\/images\/icons\/icon-1.png\" alt=\"Awesome Image\"><\/li>\n                        <\/ul>\n                                            <\/div>\n                <\/div>\n                <div class=\"image-box-two\">\n                                                            <figure data-animation-text class=\"overlay-anim-black-bg image\" data-animation=\"overlay-animation\"><img decoding=\"async\" src=\"https:\/\/tmcrea.fi\/nokiandoner\/wp-content\/uploads\/2024\/05\/special-lisataytteet-nokian-doner01.jpg\" alt=\"Awesome Image\"><\/figure>\n                \t                <\/div>\n            <\/div>\n        <\/div>\n    <\/section>\n    <!-- menu-style-five end -->\n        \n        \t\t<\/div>\n\t\t\t\t<\/div>\n\t\t\t\t<div class=\"elementor-element elementor-element-a2242c2 elementor-widget elementor-widget-heritaste_menu_section_v5\" data-id=\"a2242c2\" data-element_type=\"widget\" data-widget_type=\"heritaste_menu_section_v5.default\">\n\t\t\t\t<div class=\"elementor-widget-container\">\n\t\t\t    \n    <!-- menu-style-five -->\n    <section class=\"menu-style-five white-bg\">\n        <div class=\"outer-container\">\n            <div class=\"sec-title light centred\">\n                                <div class=\"title-shape\">\n                    <div class=\"shape-1\" style=\"background-image: url(https:\/\/tmcrea.fi\/nokiandoner\/wp-content\/themes\/heritaste\/assets\/images\/shape\/shape-46.png);\"><\/div>\n                    <div class=\"shape-2\" style=\"background-image: url(https:\/\/tmcrea.fi\/nokiandoner\/wp-content\/themes\/heritaste\/assets\/images\/shape\/shape-47.png);\"><\/div>\n                <\/div>\n                                <span class=\"sub-title\">Nokian D\u00f6ner<\/span>                <h2>Kastikevaihtoehdot<\/h2>            <\/div>\n            <div data-animation-box class=\"menu-content\">\n                                <div class=\"image-box-one\">\n                    <div class=\"image-shape\" style=\"background-image: url(https:\/\/tmcrea.fi\/nokiandoner\/wp-content\/themes\/heritaste\/assets\/images\/shape\/shape-48.png);\"><\/div>\n                    <figure data-animation-text class=\"overlay-anim-black-bg image\" data-animation=\"overlay-animation\"><img decoding=\"async\" src=\"https:\/\/tmcrea.fi\/nokiandoner\/wp-content\/uploads\/2024\/05\/nokian-doner-kastikeet2.jpg\" alt=\"Awesome Image\"><\/figure>\n                <\/div>\n                                <div class=\"content-box\">\n                    <div class=\"inner-box\">                        \n                                                <div class=\"single-item\">\n                            <h3><a href=\"\">Kastikevaihtoehdot:  Norm. 1\u20ac \/ Perhe 2\u20ac<\/a><\/h3>\n                            <p>taco-, talon-, tomaatti-, valkosipuli-, curry-, barbeque- tai puistokadun hot kastike. &nbsp;<\/p>\n                            <h5><\/h5>\n                        <\/div>\n                                            <\/div>\n                    <div class=\"lower-box clearfix\">\n                                                                        <ul class=\"rating clearfix pull-right\">\n                            <li><img decoding=\"async\" src=\"https:\/\/tmcrea.fi\/nokiandoner\/wp-content\/themes\/heritaste\/assets\/images\/icons\/icon-1.png\" alt=\"Awesome Image\"><\/li>\n                            <li><img decoding=\"async\" src=\"https:\/\/tmcrea.fi\/nokiandoner\/wp-content\/themes\/heritaste\/assets\/images\/icons\/icon-1.png\" alt=\"Awesome Image\"><\/li>\n                            <li><img decoding=\"async\" src=\"https:\/\/tmcrea.fi\/nokiandoner\/wp-content\/themes\/heritaste\/assets\/images\/icons\/icon-1.png\" alt=\"Awesome Image\"><\/li>\n                        <\/ul>\n                                            <\/div>\n                <\/div>\n                <div class=\"image-box-two\">\n                                                            <figure data-animation-text class=\"overlay-anim-black-bg image\" data-animation=\"overlay-animation\"><img decoding=\"async\" src=\"https:\/\/tmcrea.fi\/nokiandoner\/wp-content\/uploads\/2024\/05\/nokian-doner-kastikeet01.jpg\" alt=\"Awesome Image\"><\/figure>\n                \t                <\/div>\n            <\/div>\n        <\/div>\n    <\/section>\n    <!-- menu-style-five end -->\n        \n        \t\t<\/div>\n\t\t\t\t<\/div>\n\t\t\t\t\t<\/div>\n\t\t<\/div>\n\t\t\t\t\t<\/div>\n\t\t<\/section>\n\t\t\t\t<section class=\"elementor-section elementor-top-section elementor-element elementor-element-526e193 elementor-section-boxed elementor-section-height-default elementor-section-height-default\" data-id=\"526e193\" data-element_type=\"section\">\n\t\t\t\t\t\t<div class=\"elementor-container elementor-column-gap-default\">\n\t\t\t\t\t<div class=\"elementor-column elementor-col-100 elementor-top-column elementor-element elementor-element-0206e75\" data-id=\"0206e75\" data-element_type=\"column\">\n\t\t\t<div class=\"elementor-widget-wrap elementor-element-populated\">\n\t\t\t\t\t\t<div class=\"elementor-element elementor-element-5b9f839 elementor-widget elementor-widget-spacer\" data-id=\"5b9f839\" data-element_type=\"widget\" data-widget_type=\"spacer.default\">\n\t\t\t\t<div class=\"elementor-widget-container\">\n\t\t\t<style>\/*! elementor - v3.21.0 - 08-05-2024 *\/\n.elementor-column .elementor-spacer-inner{height:var(--spacer-size)}.e-con{--container-widget-width:100%}.e-con-inner>.elementor-widget-spacer,.e-con>.elementor-widget-spacer{width:var(--container-widget-width,var(--spacer-size));--align-self:var(--container-widget-align-self,initial);--flex-shrink:0}.e-con-inner>.elementor-widget-spacer>.elementor-widget-container,.e-con>.elementor-widget-spacer>.elementor-widget-container{height:100%;width:100%}.e-con-inner>.elementor-widget-spacer>.elementor-widget-container>.elementor-spacer,.e-con>.elementor-widget-spacer>.elementor-widget-container>.elementor-spacer{height:100%}.e-con-inner>.elementor-widget-spacer>.elementor-widget-container>.elementor-spacer>.elementor-spacer-inner,.e-con>.elementor-widget-spacer>.elementor-widget-container>.elementor-spacer>.elementor-spacer-inner{height:var(--container-widget-height,var(--spacer-size))}.e-con-inner>.elementor-widget-spacer.elementor-widget-empty,.e-con>.elementor-widget-spacer.elementor-widget-empty{position:relative;min-height:22px;min-width:22px}.e-con-inner>.elementor-widget-spacer.elementor-widget-empty .elementor-widget-empty-icon,.e-con>.elementor-widget-spacer.elementor-widget-empty .elementor-widget-empty-icon{position:absolute;top:0;bottom:0;left:0;right:0;margin:auto;padding:0;width:22px;height:22px}<\/style>\t\t<div class=\"elementor-spacer\">\n\t\t\t<div class=\"elementor-spacer-inner\"><\/div>\n\t\t<\/div>\n\t\t\t\t<\/div>\n\t\t\t\t<\/div>\n\t\t\t\t\t<\/div>\n\t\t<\/div>\n\t\t\t\t\t<\/div>\n\t\t<\/section>\n\t\t\t\t<\/div>\n\t\t","protected":false},"excerpt":{"rendered":"<p>Nokian D\u00f6ner Verkkotilaukset (Tilaa Online) Kun tilaat kotisivun tai sovelluksen kautta kotiinkuljetus on ilmainen yli 15 euron tilauksille! Tilaa verkosta (Tilaa Online) Aito d\u00f6ner Nokian D\u00f6ner Herkullisuus hypp\u00e4\u00e4 suuhun Tervetuloa Hyv\u00e4 ruokaantaa hyv\u00e4n mielen Olemme erikoistuneet l\u00e4hi-id\u00e4n keitti\u00f6n. Keitti\u00f6ss\u00e4mme meill\u00e4 on tiimi ammattilaisia pikaruokaan erikoistuneita kokkeja. Toimitusehto Foodora tai Wolt toimittaa kaikki kotiinkuljetukset Tutustu meid\u00e4n [&hellip;]<\/p>\n","protected":false},"author":1,"featured_media":0,"parent":0,"menu_order":0,"comment_status":"closed","ping_status":"closed","template":"tpl-default-elementor.php","meta":{"footnotes":""},"class_list":["post-1961","page","type-page","status-publish","hentry"],"_links":{"self":[{"href":"https:\/\/tmcrea.fi\/nokiandoner\/wp-json\/wp\/v2\/pages\/1961","targetHints":{"allow":["GET"]}}],"collection":[{"href":"https:\/\/tmcrea.fi\/nokiandoner\/wp-json\/wp\/v2\/pages"}],"about":[{"href":"https:\/\/tmcrea.fi\/nokiandoner\/wp-json\/wp\/v2\/types\/page"}],"author":[{"embeddable":true,"href":"https:\/\/tmcrea.fi\/nokiandoner\/wp-json\/wp\/v2\/users\/1"}],"replies":[{"embeddable":true,"href":"https:\/\/tmcrea.fi\/nokiandoner\/wp-json\/wp\/v2\/comments?post=1961"}],"version-history":[{"count":52,"href":"https:\/\/tmcrea.fi\/nokiandoner\/wp-json\/wp\/v2\/pages\/1961\/revisions"}],"predecessor-version":[{"id":2672,"href":"https:\/\/tmcrea.fi\/nokiandoner\/wp-json\/wp\/v2\/pages\/1961\/revisions\/2672"}],"wp:attachment":[{"href":"https:\/\/tmcrea.fi\/nokiandoner\/wp-json\/wp\/v2\/media?parent=1961"}],"curies":[{"name":"wp","href":"https:\/\/api.w.org\/{rel}","templated":true}]}}